{"id":4482,"date":"2024-10-28T10:43:57","date_gmt":"2024-10-28T09:43:57","guid":{"rendered":"https:\/\/98380-tritone.tempwebsite.it\/leistungen\/barrierefreies-hotel\/"},"modified":"2025-04-24T12:59:47","modified_gmt":"2025-04-24T10:59:47","slug":"barrierefreies-hotel","status":"publish","type":"page","link":"https:\/\/www.hoteltritonevenice.com\/de\/leistungen\/barrierefreies-hotel\/","title":{"rendered":"Barrierefreies Hotel"},"content":{"rendered":"\t\t<div data-elementor-type=\"wp-page\" data-elementor-id=\"4482\" class=\"elementor elementor-4482 elementor-2503\" data-elementor-post-type=\"page\">\n\t\t\t\t<div class=\"elementor-element elementor-element-11ef1cf e-flex e-con-boxed e-con e-parent\" data-id=\"11ef1cf\" data-element_type=\"container\" data-e-type=\"container\" data-settings=\"{&quot;background_background&quot;:&quot;classic&quot;,&quot;shape_divider_bottom&quot;:&quot;curve&quot;}\">\n\t\t\t\t\t<div class=\"e-con-inner\">\n\t\t\t\t<div class=\"elementor-shape elementor-shape-bottom\" aria-hidden=\"true\" data-negative=\"false\">\n\t\t\t<svg xmlns=\"http:\/\/www.w3.org\/2000\/svg\" viewBox=\"0 0 1000 100\" preserveAspectRatio=\"none\">\n    <path class=\"elementor-shape-fill\" d=\"M1000,4.3V0H0v4.3C0.9,23.1,126.7,99.2,500,100S1000,22.7,1000,4.3z\"\/>\n<\/svg>\t\t<\/div>\n\t\t\t\t\t<\/div>\n\t\t\t\t<\/div>\n\t\t<div class=\"elementor-element elementor-element-71f9376 e-flex e-con-boxed e-con e-parent\" data-id=\"71f9376\" data-element_type=\"container\" data-e-type=\"container\">\n\t\t\t\t\t<div class=\"e-con-inner\">\n\t\t\t\t<div class=\"elementor-element elementor-element-52418c6 elementor-widget elementor-widget-heading\" data-id=\"52418c6\" data-element_type=\"widget\" data-e-type=\"widget\" data-widget_type=\"heading.default\">\n\t\t\t\t<div class=\"elementor-widget-container\">\n\t\t\t\t\t<h1 class=\"elementor-heading-title elementor-size-default\">Barrierefreies Hotel<\/h1>\t\t\t\t<\/div>\n\t\t\t\t<\/div>\n\t\t\t\t<div class=\"elementor-element elementor-element-f3e288d elementor-widget elementor-widget-heading\" data-id=\"f3e288d\" data-element_type=\"widget\" data-e-type=\"widget\" data-widget_type=\"heading.default\">\n\t\t\t\t<div class=\"elementor-widget-container\">\n\t\t\t\t\t<span class=\"elementor-heading-title elementor-size-default\">Unsere Aufmerksamkeit f\u00fcr Ihren barrierefreien Aufenthalt in Venedig!<\/span>\t\t\t\t<\/div>\n\t\t\t\t<\/div>\n\t\t\t\t<div class=\"elementor-element elementor-element-1f483b4 elementor-widget-divider--view-line elementor-widget elementor-widget-divider\" data-id=\"1f483b4\" data-element_type=\"widget\" data-e-type=\"widget\" data-widget_type=\"divider.default\">\n\t\t\t\t<div class=\"elementor-widget-container\">\n\t\t\t\t\t\t\t<div class=\"elementor-divider\">\n\t\t\t<span class=\"elementor-divider-separator\">\n\t\t\t\t\t\t<\/span>\n\t\t<\/div>\n\t\t\t\t\t\t<\/div>\n\t\t\t\t<\/div>\n\t\t\t\t<div class=\"elementor-element elementor-element-0005fb3 elementor-widget elementor-widget-text-editor\" data-id=\"0005fb3\" data-element_type=\"widget\" data-e-type=\"widget\" data-widget_type=\"text-editor.default\">\n\t\t\t\t<div class=\"elementor-widget-container\">\n\t\t\t\t\t\t\t\t\t<p>Unser t\u00e4gliches Ziel ist es, allen unseren G\u00e4sten den Aufenthalt angenehm zu gestalten und den Zugang zur Anlage zu vereinfachen. Aus diesem Grund bieten wir spezielle <strong>Dienstleistungen und inklusive Verfahren an, um alle willkommen zu hei\u00dfen<\/strong>. <\/p><p>Wenn Sie einen Urlaub in <strong>Venedig<\/strong> planen und ein <strong>barrierefreies Hotel suchen, das auf besondere Bed\u00fcrfnisse eingeht<\/strong>, entscheiden Sie sich f\u00fcr das <strong>Hotel Tritone<\/strong>: Unser komfortables 4-Sterne-Hotel ist in der Lage, Sie bestm\u00f6glich zu empfangen, sodass Sie Ihren Aufenthalt mit jedem Komfort und in Sicherheit genie\u00dfen k\u00f6nnen.<\/p>\t\t\t\t\t\t\t\t<\/div>\n\t\t\t\t<\/div>\n\t\t\t\t\t<\/div>\n\t\t\t\t<\/div>\n\t\t<div class=\"elementor-element elementor-element-d66f21e e-flex e-con-boxed e-con e-parent\" data-id=\"d66f21e\" data-element_type=\"container\" data-e-type=\"container\" data-settings=\"{&quot;animation_mobile&quot;:&quot;none&quot;}\">\n\t\t\t\t\t<div class=\"e-con-inner\">\n\t\t<div class=\"elementor-element elementor-element-0d6fd29 e-con-full e-flex elementor-invisible e-con e-child\" data-id=\"0d6fd29\" data-element_type=\"container\" data-e-type=\"container\" data-settings=\"{&quot;motion_fx_motion_fx_scrolling&quot;:&quot;yes&quot;,&quot;animation&quot;:&quot;fadeInLeft&quot;,&quot;animation_mobile&quot;:&quot;fadeIn&quot;,&quot;background_background&quot;:&quot;classic&quot;,&quot;motion_fx_devices&quot;:[&quot;desktop&quot;,&quot;tablet&quot;,&quot;mobile&quot;]}\">\n\t\t<div class=\"elementor-element elementor-element-957ffad e-con-full e-flex e-con e-child\" data-id=\"957ffad\" data-element_type=\"container\" data-e-type=\"container\" data-settings=\"{&quot;animation_mobile&quot;:&quot;none&quot;}\">\n\t\t\t\t<div class=\"elementor-element elementor-element-a33a400 elementor-widget elementor-widget-heading\" data-id=\"a33a400\" data-element_type=\"widget\" data-e-type=\"widget\" data-settings=\"{&quot;_animation_mobile&quot;:&quot;none&quot;}\" data-widget_type=\"heading.default\">\n\t\t\t\t<div class=\"elementor-widget-container\">\n\t\t\t\t\t<h2 class=\"elementor-heading-title elementor-size-default\">Unser Engagement<\/h2>\t\t\t\t<\/div>\n\t\t\t\t<\/div>\n\t\t\t\t<div class=\"elementor-element elementor-element-3c77674 elementor-widget elementor-widget-text-editor\" data-id=\"3c77674\" data-element_type=\"widget\" data-e-type=\"widget\" data-settings=\"{&quot;_animation_mobile&quot;:&quot;none&quot;}\" data-widget_type=\"text-editor.default\">\n\t\t\t\t<div class=\"elementor-widget-container\">\n\t\t\t\t\t\t\t\t\t<p>Dank <strong>Cityfriend<\/strong>, den Fachleuten f\u00fcr barrierefreien Tourismus, haben wir die<strong> idealen Zimmer <\/strong>ermittelt, unsere Gemeinschaftsbereiche analysiert und ein <strong>Informationsblatt<\/strong> erstellt, damit Sie vor Ihrem Aufenthalt so viel wie m\u00f6glich \u00fcber das Hotel erfahren k\u00f6nnen.<\/p><p><strong>Sehen Sie <\/strong>sich unseren<strong> technischen Schaukasten<\/strong> an oder laden Sie ihn herunter, <strong>mit allen n\u00fctzlichen Informationen f\u00fcr Ihren Aufenthalt<\/strong>: Parkpl\u00e4tze, Gemeinschaftsbereiche, Toiletten, Restaurantbereiche und Einzelheiten zu Zimmern und Badezimmern. Auf diese Weise k\u00f6nnen Sie im Voraus alle logistischen Informationen \u00fcber das Hotel und die verf\u00fcgbaren Dienstleistungen erfahren. <\/p>\t\t\t\t\t\t\t\t<\/div>\n\t\t\t\t<\/div>\n\t\t\t\t<div class=\"elementor-element elementor-element-d9f442e elementor-mobile-align-center elementor-widget-mobile__width-inherit elementor-tablet-align-center elementor-invisible elementor-widget elementor-widget-button\" data-id=\"d9f442e\" data-element_type=\"widget\" data-e-type=\"widget\" data-settings=\"{&quot;_animation&quot;:&quot;fadeIn&quot;,&quot;_animation_mobile&quot;:&quot;none&quot;}\" data-widget_type=\"button.default\">\n\t\t\t\t<div class=\"elementor-widget-container\">\n\t\t\t\t\t\t\t\t\t<div class=\"elementor-button-wrapper\">\n\t\t\t\t\t<a class=\"elementor-button elementor-button-link elementor-size-sm\" href=\"\/wp-content\/uploads\/sites\/79\/2024\/10\/HotelAccessibile_98380_IT.pdf\" target=\"_blank\">\n\t\t\t\t\t\t<span class=\"elementor-button-content-wrapper\">\n\t\t\t\t\t\t\t\t\t<span class=\"elementor-button-text\">Laden Sie den technischen Showcase herunter<\/span>\n\t\t\t\t\t<\/span>\n\t\t\t\t\t<\/a>\n\t\t\t\t<\/div>\n\t\t\t\t\t\t\t\t<\/div>\n\t\t\t\t<\/div>\n\t\t\t\t<\/div>\n\t\t\t\t<\/div>\n\t\t<div class=\"elementor-element elementor-element-75120eb e-con-full e-flex elementor-invisible e-con e-child\" data-id=\"75120eb\" data-element_type=\"container\" data-e-type=\"container\" data-settings=\"{&quot;background_background&quot;:&quot;classic&quot;,&quot;animation&quot;:&quot;fadeInRight&quot;,&quot;animation_mobile&quot;:&quot;none&quot;}\">\n\t\t\t\t<div class=\"elementor-element elementor-element-cc7fb17 elementor-widget elementor-widget-heading\" data-id=\"cc7fb17\" data-element_type=\"widget\" data-e-type=\"widget\" data-widget_type=\"heading.default\">\n\t\t\t\t<div class=\"elementor-widget-container\">\n\t\t\t\t\t<h3 class=\"elementor-heading-title elementor-size-default\">So buchen Sie ein Zimmer<\/h3>\t\t\t\t<\/div>\n\t\t\t\t<\/div>\n\t\t\t\t<div class=\"elementor-element elementor-element-400c690 elementor-widget-tablet__width-initial elementor-widget-mobile__width-inherit elementor-widget elementor-widget-text-editor\" data-id=\"400c690\" data-element_type=\"widget\" data-e-type=\"widget\" data-widget_type=\"text-editor.default\">\n\t\t\t\t<div class=\"elementor-widget-container\">\n\t\t\t\t\t\t\t\t\t<p>Um ein spezielles <strong>Zimmer zu buchen<\/strong>, <a href=\"mailto:info@hoteltritonevenice.com\">kontaktieren Sie uns<\/a> unter Angabe Ihrer Bed\u00fcrfnisse oder geben Sie bei der Online-Buchung Ihre W\u00fcnsche im Feld \u201eAnmerkungen\u201c an.<\/p><p>Z\u00f6gern Sie in jedem Fall nicht, <strong>uns zu kontaktieren<\/strong>, wir stehen Ihnen jederzeit zur Verf\u00fcgung!<\/p>\t\t\t\t\t\t\t\t<\/div>\n\t\t\t\t<\/div>\n\t\t\t\t<\/div>\n\t\t\t\t\t<\/div>\n\t\t\t\t<\/div>\n\t\t\t\t<\/div>\n\t\t","protected":false},"excerpt":{"rendered":"<p>Barrierefreies Hotel Unsere Aufmerksamkeit f\u00fcr Ihren barrierefreien Aufenthalt in Venedig! Unser t\u00e4gliches Ziel ist es, allen unseren G\u00e4sten den Aufenthalt angenehm zu gestalten und den Zugang zur Anlage zu vereinfachen. Aus diesem Grund bieten wir spezielle Dienstleistungen und inklusive Verfahren an, um alle willkommen zu hei\u00dfen. Wenn Sie einen Urlaub in Venedig planen und ein [&hellip;]<\/p>\n","protected":false},"author":6,"featured_media":3801,"parent":3797,"menu_order":0,"comment_status":"closed","ping_status":"closed","template":"","meta":{"footnotes":""},"class_list":["post-4482","page","type-page","status-publish","has-post-thumbnail","hentry"],"yoast_head":"<!-- This site is optimized with the Yoast SEO plugin v27.3 - https:\/\/yoast.com\/product\/yoast-seo-wordpress\/ -->\n<title>Barrierefreies Hotel Venedig Mestre \u2013 4-Sterne-Hotel Tritone<\/title>\n<meta name=\"description\" content=\"Sie planen einen Aufenthalt in Venedig und suchen ein barrierefreies Hotel? W\u00e4hlen Sie die R\u00e4ume, Dienste und den Komfort des Hotel Tritone Mestre!\" \/>\n<meta name=\"robots\" content=\"index, follow, max-snippet:-1, max-image-preview:large, max-video-preview:-1\" \/>\n<link rel=\"canonical\" href=\"https:\/\/www.hoteltritonevenice.com\/de\/leistungen\/barrierefreies-hotel\/\" \/>\n<meta property=\"og:locale\" content=\"de_DE\" \/>\n<meta property=\"og:type\" content=\"article\" \/>\n<meta property=\"og:title\" content=\"Barrierefreies Hotel Venedig Mestre \u2013 4-Sterne-Hotel Tritone\" \/>\n<meta property=\"og:description\" content=\"Sie planen einen Aufenthalt in Venedig und suchen ein barrierefreies Hotel? W\u00e4hlen Sie die R\u00e4ume, Dienste und den Komfort des Hotel Tritone Mestre!\" \/>\n<meta property=\"og:url\" content=\"https:\/\/www.hoteltritonevenice.com\/de\/leistungen\/barrierefreies-hotel\/\" \/>\n<meta property=\"og:site_name\" content=\"98380 Hotel Tritone Venice\" \/>\n<meta property=\"article:modified_time\" content=\"2025-04-24T10:59:47+00:00\" \/>\n<meta property=\"og:image\" content=\"https:\/\/bwh-cdn.neen.dev\/wp-content\/uploads\/sites\/79\/2024\/10\/hotel-accessibile.webp\" \/>\n\t<meta property=\"og:image:width\" content=\"1920\" \/>\n\t<meta property=\"og:image:height\" content=\"800\" \/>\n\t<meta property=\"og:image:type\" content=\"image\/webp\" \/>\n<meta name=\"twitter:card\" content=\"summary_large_image\" \/>\n<meta name=\"twitter:label1\" content=\"Gesch\u00e4tzte Lesezeit\" \/>\n\t<meta name=\"twitter:data1\" content=\"2\u00a0Minuten\" \/>\n<script type=\"application\/ld+json\" class=\"yoast-schema-graph\">{\"@context\":\"https:\\\/\\\/schema.org\",\"@graph\":[{\"@type\":\"WebPage\",\"@id\":\"https:\\\/\\\/www.hoteltritonevenice.com\\\/de\\\/leistungen\\\/barrierefreies-hotel\\\/\",\"url\":\"https:\\\/\\\/www.hoteltritonevenice.com\\\/de\\\/leistungen\\\/barrierefreies-hotel\\\/\",\"name\":\"Barrierefreies Hotel Venedig Mestre \u2013 4-Sterne-Hotel Tritone\",\"isPartOf\":{\"@id\":\"https:\\\/\\\/www.hoteltritonevenice.com\\\/de\\\/#website\"},\"primaryImageOfPage\":{\"@id\":\"https:\\\/\\\/www.hoteltritonevenice.com\\\/de\\\/leistungen\\\/barrierefreies-hotel\\\/#primaryimage\"},\"image\":{\"@id\":\"https:\\\/\\\/www.hoteltritonevenice.com\\\/de\\\/leistungen\\\/barrierefreies-hotel\\\/#primaryimage\"},\"thumbnailUrl\":\"https:\\\/\\\/www.hoteltritonevenice.com\\\/wp-content\\\/uploads\\\/sites\\\/79\\\/2024\\\/10\\\/hotel-accessibile.webp\",\"datePublished\":\"2024-10-28T09:43:57+00:00\",\"dateModified\":\"2025-04-24T10:59:47+00:00\",\"description\":\"Sie planen einen Aufenthalt in Venedig und suchen ein barrierefreies Hotel? W\u00e4hlen Sie die R\u00e4ume, Dienste und den Komfort des Hotel Tritone Mestre!\",\"breadcrumb\":{\"@id\":\"https:\\\/\\\/www.hoteltritonevenice.com\\\/de\\\/leistungen\\\/barrierefreies-hotel\\\/#breadcrumb\"},\"inLanguage\":\"de\",\"potentialAction\":[{\"@type\":\"ReadAction\",\"target\":[\"https:\\\/\\\/www.hoteltritonevenice.com\\\/de\\\/leistungen\\\/barrierefreies-hotel\\\/\"]}]},{\"@type\":\"ImageObject\",\"inLanguage\":\"de\",\"@id\":\"https:\\\/\\\/www.hoteltritonevenice.com\\\/de\\\/leistungen\\\/barrierefreies-hotel\\\/#primaryimage\",\"url\":\"https:\\\/\\\/www.hoteltritonevenice.com\\\/wp-content\\\/uploads\\\/sites\\\/79\\\/2024\\\/10\\\/hotel-accessibile.webp\",\"contentUrl\":\"https:\\\/\\\/www.hoteltritonevenice.com\\\/wp-content\\\/uploads\\\/sites\\\/79\\\/2024\\\/10\\\/hotel-accessibile.webp\",\"width\":1920,\"height\":800,\"caption\":\"Accessible Hotel - Hotel Tritone Venice Mestre\"},{\"@type\":\"BreadcrumbList\",\"@id\":\"https:\\\/\\\/www.hoteltritonevenice.com\\\/de\\\/leistungen\\\/barrierefreies-hotel\\\/#breadcrumb\",\"itemListElement\":[{\"@type\":\"ListItem\",\"position\":1,\"name\":\"Home\",\"item\":\"https:\\\/\\\/www.hoteltritonevenice.com\\\/de\\\/home\\\/\"},{\"@type\":\"ListItem\",\"position\":2,\"name\":\"Leistungen\",\"item\":\"https:\\\/\\\/www.hoteltritonevenice.com\\\/de\\\/leistungen\\\/\"},{\"@type\":\"ListItem\",\"position\":3,\"name\":\"Barrierefreies Hotel\"}]},{\"@type\":\"WebSite\",\"@id\":\"https:\\\/\\\/www.hoteltritonevenice.com\\\/de\\\/#website\",\"url\":\"https:\\\/\\\/www.hoteltritonevenice.com\\\/de\\\/\",\"name\":\"98380 Hotel Tritone Venice\",\"description\":\"\",\"publisher\":{\"@id\":\"https:\\\/\\\/www.hoteltritonevenice.com\\\/de\\\/#organization\"},\"potentialAction\":[{\"@type\":\"SearchAction\",\"target\":{\"@type\":\"EntryPoint\",\"urlTemplate\":\"https:\\\/\\\/www.hoteltritonevenice.com\\\/de\\\/?s={search_term_string}\"},\"query-input\":{\"@type\":\"PropertyValueSpecification\",\"valueRequired\":true,\"valueName\":\"search_term_string\"}}],\"inLanguage\":\"de\"},{\"@type\":\"Organization\",\"@id\":\"https:\\\/\\\/www.hoteltritonevenice.com\\\/de\\\/#organization\",\"name\":\"98380 Hotel Tritone Venice\",\"url\":\"https:\\\/\\\/www.hoteltritonevenice.com\\\/de\\\/\",\"logo\":{\"@type\":\"ImageObject\",\"inLanguage\":\"de\",\"@id\":\"https:\\\/\\\/www.hoteltritonevenice.com\\\/de\\\/#\\\/schema\\\/logo\\\/image\\\/\",\"url\":\"https:\\\/\\\/www.hoteltritonevenice.com\\\/wp-content\\\/uploads\\\/sites\\\/79\\\/2024\\\/07\\\/BW-core.png\",\"contentUrl\":\"https:\\\/\\\/www.hoteltritonevenice.com\\\/wp-content\\\/uploads\\\/sites\\\/79\\\/2024\\\/07\\\/BW-core.png\",\"width\":2500,\"height\":916,\"caption\":\"98380 Hotel Tritone Venice\"},\"image\":{\"@id\":\"https:\\\/\\\/www.hoteltritonevenice.com\\\/de\\\/#\\\/schema\\\/logo\\\/image\\\/\"}}]}<\/script>\n<!-- \/ Yoast SEO plugin. -->","yoast_head_json":{"title":"Barrierefreies Hotel Venedig Mestre \u2013 4-Sterne-Hotel Tritone","description":"Sie planen einen Aufenthalt in Venedig und suchen ein barrierefreies Hotel? W\u00e4hlen Sie die R\u00e4ume, Dienste und den Komfort des Hotel Tritone Mestre!","robots":{"index":"index","follow":"follow","max-snippet":"max-snippet:-1","max-image-preview":"max-image-preview:large","max-video-preview":"max-video-preview:-1"},"canonical":"https:\/\/www.hoteltritonevenice.com\/de\/leistungen\/barrierefreies-hotel\/","og_locale":"de_DE","og_type":"article","og_title":"Barrierefreies Hotel Venedig Mestre \u2013 4-Sterne-Hotel Tritone","og_description":"Sie planen einen Aufenthalt in Venedig und suchen ein barrierefreies Hotel? W\u00e4hlen Sie die R\u00e4ume, Dienste und den Komfort des Hotel Tritone Mestre!","og_url":"https:\/\/www.hoteltritonevenice.com\/de\/leistungen\/barrierefreies-hotel\/","og_site_name":"98380 Hotel Tritone Venice","article_modified_time":"2025-04-24T10:59:47+00:00","og_image":[{"width":1920,"height":800,"url":"https:\/\/bwh-cdn.neen.dev\/wp-content\/uploads\/sites\/79\/2024\/10\/hotel-accessibile.webp","type":"image\/webp"}],"twitter_card":"summary_large_image","twitter_misc":{"Gesch\u00e4tzte Lesezeit":"2\u00a0Minuten"},"schema":{"@context":"https:\/\/schema.org","@graph":[{"@type":"WebPage","@id":"https:\/\/www.hoteltritonevenice.com\/de\/leistungen\/barrierefreies-hotel\/","url":"https:\/\/www.hoteltritonevenice.com\/de\/leistungen\/barrierefreies-hotel\/","name":"Barrierefreies Hotel Venedig Mestre \u2013 4-Sterne-Hotel Tritone","isPartOf":{"@id":"https:\/\/www.hoteltritonevenice.com\/de\/#website"},"primaryImageOfPage":{"@id":"https:\/\/www.hoteltritonevenice.com\/de\/leistungen\/barrierefreies-hotel\/#primaryimage"},"image":{"@id":"https:\/\/www.hoteltritonevenice.com\/de\/leistungen\/barrierefreies-hotel\/#primaryimage"},"thumbnailUrl":"https:\/\/www.hoteltritonevenice.com\/wp-content\/uploads\/sites\/79\/2024\/10\/hotel-accessibile.webp","datePublished":"2024-10-28T09:43:57+00:00","dateModified":"2025-04-24T10:59:47+00:00","description":"Sie planen einen Aufenthalt in Venedig und suchen ein barrierefreies Hotel? W\u00e4hlen Sie die R\u00e4ume, Dienste und den Komfort des Hotel Tritone Mestre!","breadcrumb":{"@id":"https:\/\/www.hoteltritonevenice.com\/de\/leistungen\/barrierefreies-hotel\/#breadcrumb"},"inLanguage":"de","potentialAction":[{"@type":"ReadAction","target":["https:\/\/www.hoteltritonevenice.com\/de\/leistungen\/barrierefreies-hotel\/"]}]},{"@type":"ImageObject","inLanguage":"de","@id":"https:\/\/www.hoteltritonevenice.com\/de\/leistungen\/barrierefreies-hotel\/#primaryimage","url":"https:\/\/www.hoteltritonevenice.com\/wp-content\/uploads\/sites\/79\/2024\/10\/hotel-accessibile.webp","contentUrl":"https:\/\/www.hoteltritonevenice.com\/wp-content\/uploads\/sites\/79\/2024\/10\/hotel-accessibile.webp","width":1920,"height":800,"caption":"Accessible Hotel - Hotel Tritone Venice Mestre"},{"@type":"BreadcrumbList","@id":"https:\/\/www.hoteltritonevenice.com\/de\/leistungen\/barrierefreies-hotel\/#breadcrumb","itemListElement":[{"@type":"ListItem","position":1,"name":"Home","item":"https:\/\/www.hoteltritonevenice.com\/de\/home\/"},{"@type":"ListItem","position":2,"name":"Leistungen","item":"https:\/\/www.hoteltritonevenice.com\/de\/leistungen\/"},{"@type":"ListItem","position":3,"name":"Barrierefreies Hotel"}]},{"@type":"WebSite","@id":"https:\/\/www.hoteltritonevenice.com\/de\/#website","url":"https:\/\/www.hoteltritonevenice.com\/de\/","name":"98380 Hotel Tritone Venice","description":"","publisher":{"@id":"https:\/\/www.hoteltritonevenice.com\/de\/#organization"},"potentialAction":[{"@type":"SearchAction","target":{"@type":"EntryPoint","urlTemplate":"https:\/\/www.hoteltritonevenice.com\/de\/?s={search_term_string}"},"query-input":{"@type":"PropertyValueSpecification","valueRequired":true,"valueName":"search_term_string"}}],"inLanguage":"de"},{"@type":"Organization","@id":"https:\/\/www.hoteltritonevenice.com\/de\/#organization","name":"98380 Hotel Tritone Venice","url":"https:\/\/www.hoteltritonevenice.com\/de\/","logo":{"@type":"ImageObject","inLanguage":"de","@id":"https:\/\/www.hoteltritonevenice.com\/de\/#\/schema\/logo\/image\/","url":"https:\/\/www.hoteltritonevenice.com\/wp-content\/uploads\/sites\/79\/2024\/07\/BW-core.png","contentUrl":"https:\/\/www.hoteltritonevenice.com\/wp-content\/uploads\/sites\/79\/2024\/07\/BW-core.png","width":2500,"height":916,"caption":"98380 Hotel Tritone Venice"},"image":{"@id":"https:\/\/www.hoteltritonevenice.com\/de\/#\/schema\/logo\/image\/"}}]}},"_links":{"self":[{"href":"https:\/\/www.hoteltritonevenice.com\/de\/wp-json\/wp\/v2\/pages\/4482","targetHints":{"allow":["GET"]}}],"collection":[{"href":"https:\/\/www.hoteltritonevenice.com\/de\/wp-json\/wp\/v2\/pages"}],"about":[{"href":"https:\/\/www.hoteltritonevenice.com\/de\/wp-json\/wp\/v2\/types\/page"}],"author":[{"embeddable":true,"href":"https:\/\/www.hoteltritonevenice.com\/de\/wp-json\/wp\/v2\/users\/6"}],"replies":[{"embeddable":true,"href":"https:\/\/www.hoteltritonevenice.com\/de\/wp-json\/wp\/v2\/comments?post=4482"}],"version-history":[{"count":2,"href":"https:\/\/www.hoteltritonevenice.com\/de\/wp-json\/wp\/v2\/pages\/4482\/revisions"}],"predecessor-version":[{"id":5630,"href":"https:\/\/www.hoteltritonevenice.com\/de\/wp-json\/wp\/v2\/pages\/4482\/revisions\/5630"}],"up":[{"embeddable":true,"href":"https:\/\/www.hoteltritonevenice.com\/de\/wp-json\/wp\/v2\/pages\/3797"}],"wp:featuredmedia":[{"embeddable":true,"href":"https:\/\/www.hoteltritonevenice.com\/de\/wp-json\/wp\/v2\/media\/3801"}],"wp:attachment":[{"href":"https:\/\/www.hoteltritonevenice.com\/de\/wp-json\/wp\/v2\/media?parent=4482"}],"curies":[{"name":"wp","href":"https:\/\/api.w.org\/{rel}","templated":true}]}}