{"id":4487,"date":"2024-10-28T10:51:08","date_gmt":"2024-10-28T09:51:08","guid":{"rendered":"https:\/\/98380-tritone.tempwebsite.it\/leistungen\/silver-hotel\/"},"modified":"2025-05-26T10:12:07","modified_gmt":"2025-05-26T08:12:07","slug":"silver-hotel","status":"publish","type":"page","link":"https:\/\/www.hoteltritonevenice.com\/de\/leistungen\/silver-hotel\/","title":{"rendered":"Silver Hotel"},"content":{"rendered":"\t\t<div data-elementor-type=\"wp-page\" data-elementor-id=\"4487\" class=\"elementor elementor-4487 elementor-2520\" data-elementor-post-type=\"page\">\n\t\t\t\t<div class=\"elementor-element elementor-element-11ef1cf e-flex e-con-boxed e-con e-parent\" data-id=\"11ef1cf\" data-element_type=\"container\" data-e-type=\"container\" data-settings=\"{&quot;background_background&quot;:&quot;classic&quot;,&quot;shape_divider_bottom&quot;:&quot;curve&quot;}\">\n\t\t\t\t\t<div class=\"e-con-inner\">\n\t\t\t\t<div class=\"elementor-shape elementor-shape-bottom\" aria-hidden=\"true\" data-negative=\"false\">\n\t\t\t<svg xmlns=\"http:\/\/www.w3.org\/2000\/svg\" viewBox=\"0 0 1000 100\" preserveAspectRatio=\"none\">\n    <path class=\"elementor-shape-fill\" d=\"M1000,4.3V0H0v4.3C0.9,23.1,126.7,99.2,500,100S1000,22.7,1000,4.3z\"\/>\n<\/svg>\t\t<\/div>\n\t\t\t\t\t<\/div>\n\t\t\t\t<\/div>\n\t\t<div class=\"elementor-element elementor-element-71f9376 e-flex e-con-boxed e-con e-parent\" data-id=\"71f9376\" data-element_type=\"container\" data-e-type=\"container\">\n\t\t\t\t\t<div class=\"e-con-inner\">\n\t\t\t\t<div class=\"elementor-element elementor-element-52418c6 elementor-widget elementor-widget-heading\" data-id=\"52418c6\" data-element_type=\"widget\" data-e-type=\"widget\" data-widget_type=\"heading.default\">\n\t\t\t\t<div class=\"elementor-widget-container\">\n\t\t\t\t\t<h1 class=\"elementor-heading-title elementor-size-default\">Silver Hotel<\/h1>\t\t\t\t<\/div>\n\t\t\t\t<\/div>\n\t\t\t\t<div class=\"elementor-element elementor-element-f3e288d elementor-widget elementor-widget-heading\" data-id=\"f3e288d\" data-element_type=\"widget\" data-e-type=\"widget\" data-widget_type=\"heading.default\">\n\t\t\t\t<div class=\"elementor-widget-container\">\n\t\t\t\t\t<span class=\"elementor-heading-title elementor-size-default\">Viel Aufmerksamkeit f\u00fcr \u00e4ltere Reisende \u00fcber 65<\/span>\t\t\t\t<\/div>\n\t\t\t\t<\/div>\n\t\t\t\t<div class=\"elementor-element elementor-element-1f483b4 elementor-widget-divider--view-line elementor-widget elementor-widget-divider\" data-id=\"1f483b4\" data-element_type=\"widget\" data-e-type=\"widget\" data-widget_type=\"divider.default\">\n\t\t\t\t<div class=\"elementor-widget-container\">\n\t\t\t\t\t\t\t<div class=\"elementor-divider\">\n\t\t\t<span class=\"elementor-divider-separator\">\n\t\t\t\t\t\t<\/span>\n\t\t<\/div>\n\t\t\t\t\t\t<\/div>\n\t\t\t\t<\/div>\n\t\t\t\t<div class=\"elementor-element elementor-element-0005fb3 elementor-widget elementor-widget-text-editor\" data-id=\"0005fb3\" data-element_type=\"widget\" data-e-type=\"widget\" data-widget_type=\"text-editor.default\">\n\t\t\t\t<div class=\"elementor-widget-container\">\n\t\t\t\t\t\t\t\t\t<p>Im Hotel Tritone bieten wir <strong>zahlreiche Aufmerksamkeiten<\/strong> f\u00fcr<strong> Reisende \u00fcber 65<\/strong>, die die Sch\u00f6nheiten Venedigs in v\u00f6lligem Komfort erkunden m\u00f6chten. Unsere G\u00e4ste haben Zugang zu <strong>kostenlosen Dienstleistungen<\/strong> im Hotel und einem <strong>Paket<\/strong>, um ihren Aufenthalt noch individueller zu gestalten. <\/p>\t\t\t\t\t\t\t\t<\/div>\n\t\t\t\t<\/div>\n\t\t\t\t\t<\/div>\n\t\t\t\t<\/div>\n\t\t<div class=\"elementor-element elementor-element-d66f21e e-flex e-con-boxed e-con e-parent\" data-id=\"d66f21e\" data-element_type=\"container\" data-e-type=\"container\">\n\t\t\t\t\t<div class=\"e-con-inner\">\n\t\t<div class=\"elementor-element elementor-element-0d6fd29 e-con-full e-flex elementor-invisible e-con e-child\" data-id=\"0d6fd29\" data-element_type=\"container\" data-e-type=\"container\" data-settings=\"{&quot;motion_fx_motion_fx_scrolling&quot;:&quot;yes&quot;,&quot;animation&quot;:&quot;fadeInLeft&quot;,&quot;animation_mobile&quot;:&quot;fadeIn&quot;,&quot;background_background&quot;:&quot;classic&quot;,&quot;motion_fx_devices&quot;:[&quot;desktop&quot;,&quot;tablet&quot;,&quot;mobile&quot;]}\">\n\t\t<div class=\"elementor-element elementor-element-957ffad e-con-full e-flex e-con e-child\" data-id=\"957ffad\" data-element_type=\"container\" data-e-type=\"container\" data-settings=\"{&quot;animation_mobile&quot;:&quot;none&quot;}\">\n\t\t\t\t<div class=\"elementor-element elementor-element-a33a400 elementor-widget elementor-widget-heading\" data-id=\"a33a400\" data-element_type=\"widget\" data-e-type=\"widget\" data-widget_type=\"heading.default\">\n\t\t\t\t<div class=\"elementor-widget-container\">\n\t\t\t\t\t<h2 class=\"elementor-heading-title elementor-size-default\">Kostenlose Dienste<\/h2>\t\t\t\t<\/div>\n\t\t\t\t<\/div>\n\t\t\t\t<div class=\"elementor-element elementor-element-3c77674 elementor-widget elementor-widget-text-editor\" data-id=\"3c77674\" data-element_type=\"widget\" data-e-type=\"widget\" data-settings=\"{&quot;_animation_mobile&quot;:&quot;none&quot;}\" data-widget_type=\"text-editor.default\">\n\t\t\t\t<div class=\"elementor-widget-container\">\n\t\t\t\t\t\t\t\t\t<ul>\n<li><strong>F\u00fcrsorglicher Empfang<\/strong> f\u00fcr Unterst\u00fctzung bei der digitalen Verbindung, Check-in- und Check-out-Praktiken und um Ihnen touristische Informationen, Ratschl\u00e4ge und Informationen zu lokalen Sehensw\u00fcrdigkeiten und Servicereservierungen zu geben;<\/li>\n<li><strong>Kostenlose Flasche Wasser <\/strong>bei der Ankunft;<\/li>\n<li><strong>10 % Rabatt <\/strong>auf interne Hotelleistungen;<\/li>\n<li><strong>Parkplatz<\/strong>, bequem und in der N\u00e4he des Eingangs gegen Aufpreis;<\/li>\n<li><strong>Fr\u00fchst\u00fccksecke<\/strong> mit nat\u00fcrlichen und gesunden Produkten;<\/li>\n<li><strong>Angebote zu lokalen Erlebnissen<\/strong>, die mit lokalen Betreibern organisiert werden;<\/li>\n<li><strong>Transferservice<\/strong> auf Anfrage mit Aufpreis;<\/li>\n<li>Kostenloser <strong>Gep\u00e4ckservice<\/strong>;<\/li>\n<li><strong>Kontakte f\u00fcr medizinische Hilfe<\/strong> rund um die Uhr;<\/li>\n<li><strong>Barrierefreie Zimmer<\/strong>, jederzeit verf\u00fcgbare Gemeinschaftsr\u00e4ume und Catering-Service f\u00fcr die 3 Hauptmahlzeiten \u2013 Fr\u00fchst\u00fcck, Mittag- und Abendessen \u2013 sowie 24-Stunden-Bar (mit Lieferservice).<\/li>\n<\/ul>\t\t\t\t\t\t\t\t<\/div>\n\t\t\t\t<\/div>\n\t\t\t\t<\/div>\n\t\t\t\t<\/div>\n\t\t<div class=\"elementor-element elementor-element-75120eb e-con-full e-flex elementor-invisible e-con e-child\" data-id=\"75120eb\" data-element_type=\"container\" data-e-type=\"container\" data-settings=\"{&quot;background_background&quot;:&quot;classic&quot;,&quot;animation&quot;:&quot;fadeInRight&quot;,&quot;animation_mobile&quot;:&quot;none&quot;}\">\n\t\t\t\t<div class=\"elementor-element elementor-element-cc7fb17 elementor-widget elementor-widget-heading\" data-id=\"cc7fb17\" data-element_type=\"widget\" data-e-type=\"widget\" data-widget_type=\"heading.default\">\n\t\t\t\t<div class=\"elementor-widget-container\">\n\t\t\t\t\t<h3 class=\"elementor-heading-title elementor-size-default\">Silberpaket<\/h3>\t\t\t\t<\/div>\n\t\t\t\t<\/div>\n\t\t\t\t<div class=\"elementor-element elementor-element-400c690 elementor-widget-mobile__width-inherit elementor-widget elementor-widget-text-editor\" data-id=\"400c690\" data-element_type=\"widget\" data-e-type=\"widget\" data-settings=\"{&quot;_animation_mobile&quot;:&quot;none&quot;}\" data-widget_type=\"text-editor.default\">\n\t\t\t\t<div class=\"elementor-widget-container\">\n\t\t\t\t\t\t\t\t\t<p>Dar\u00fcber hinaus k\u00f6nnen unsere \u00e4lteren G\u00e4ste ihren Aufenthalt mit dem <strong>Silver-Paket (gegen einen Aufpreis von 10 \u20ac pro Zimmer buchbar)<\/strong> personalisieren, das Folgendes beinhaltet:<\/p><ul><li><strong>Wasserkocher<\/strong> mit Auswahl an Tees und Kr\u00e4utertees auf dem Zimmer;<\/li><li><strong>Hausschuhe<\/strong> und <strong>Badem\u00e4ntel<\/strong>;<\/li><li><strong>Pflegeset<\/strong>;<\/li><li><strong>Kostenlose Minibar <\/strong>mit Snacks und alkoholfreien Getr\u00e4nken (1 Flasche nat\u00fcrliches Wasser 75ml, 1 Dose Coca-Cola, 1 Packung Erdn\u00fcsse und 1 Packung Biscuits).<\/li><\/ul><p>Buchen Sie das <strong>Silber-Paket<\/strong> gleich nach der Zimmerauswahl in Ihre Buchung ein <a href=\"mailto:info@hoteltritonevenice.com\">oder fordern Sie es direkt beim Hotel an<\/a>.<\/p>\t\t\t\t\t\t\t\t<\/div>\n\t\t\t\t<\/div>\n\t\t\t\t<\/div>\n\t\t\t\t\t<\/div>\n\t\t\t\t<\/div>\n\t\t\t\t<\/div>\n\t\t","protected":false},"excerpt":{"rendered":"<p>Silver Hotel Viel Aufmerksamkeit f\u00fcr \u00e4ltere Reisende \u00fcber 65 Im Hotel Tritone bieten wir zahlreiche Aufmerksamkeiten f\u00fcr Reisende \u00fcber 65, die die Sch\u00f6nheiten Venedigs in v\u00f6lligem Komfort erkunden m\u00f6chten. Unsere G\u00e4ste haben Zugang zu kostenlosen Dienstleistungen im Hotel und einem Paket, um ihren Aufenthalt noch individueller zu gestalten. Kostenlose Dienste F\u00fcrsorglicher Empfang f\u00fcr Unterst\u00fctzung bei [&hellip;]<\/p>\n","protected":false},"author":6,"featured_media":4384,"parent":3797,"menu_order":0,"comment_status":"closed","ping_status":"closed","template":"","meta":{"footnotes":""},"class_list":["post-4487","page","type-page","status-publish","has-post-thumbnail","hentry"],"yoast_head":"<!-- This site is optimized with the Yoast SEO plugin v27.3 - https:\/\/yoast.com\/product\/yoast-seo-wordpress\/ -->\n<title>Seniorenreisende Venedig \u2013 Dienste Hotel Tritone \u00fcber 65-J\u00e4hrige<\/title>\n<meta name=\"description\" content=\"Im Hotel Tritone: ma\u00dfgeschneiderter Komfort f\u00fcr G\u00e4ste 65+, ideal f\u00fcr Slow Tourism in Mestre \u2013 entdecken Sie Venedig in Ihrem Tempo! Sie entdecken!\" \/>\n<meta name=\"robots\" content=\"index, follow, max-snippet:-1, max-image-preview:large, max-video-preview:-1\" \/>\n<link rel=\"canonical\" href=\"https:\/\/www.hoteltritonevenice.com\/de\/leistungen\/silver-hotel\/\" \/>\n<meta property=\"og:locale\" content=\"de_DE\" \/>\n<meta property=\"og:type\" content=\"article\" \/>\n<meta property=\"og:title\" content=\"Seniorenreisende Venedig \u2013 Dienste Hotel Tritone \u00fcber 65-J\u00e4hrige\" \/>\n<meta property=\"og:description\" content=\"Im Hotel Tritone: ma\u00dfgeschneiderter Komfort f\u00fcr G\u00e4ste 65+, ideal f\u00fcr Slow Tourism in Mestre \u2013 entdecken Sie Venedig in Ihrem Tempo! Sie entdecken!\" \/>\n<meta property=\"og:url\" content=\"https:\/\/www.hoteltritonevenice.com\/de\/leistungen\/silver-hotel\/\" \/>\n<meta property=\"og:site_name\" content=\"98380 Hotel Tritone Venice\" \/>\n<meta property=\"article:modified_time\" content=\"2025-05-26T08:12:07+00:00\" \/>\n<meta property=\"og:image\" content=\"https:\/\/bwh-cdn.neen.dev\/wp-content\/uploads\/sites\/79\/2024\/10\/senior2.webp\" \/>\n\t<meta property=\"og:image:width\" content=\"1920\" \/>\n\t<meta property=\"og:image:height\" content=\"1280\" \/>\n\t<meta property=\"og:image:type\" content=\"image\/webp\" \/>\n<meta name=\"twitter:card\" content=\"summary_large_image\" \/>\n<meta name=\"twitter:label1\" content=\"Gesch\u00e4tzte Lesezeit\" \/>\n\t<meta name=\"twitter:data1\" content=\"2\u00a0Minuten\" \/>\n<script type=\"application\/ld+json\" class=\"yoast-schema-graph\">{\"@context\":\"https:\\\/\\\/schema.org\",\"@graph\":[{\"@type\":\"WebPage\",\"@id\":\"https:\\\/\\\/www.hoteltritonevenice.com\\\/de\\\/leistungen\\\/silver-hotel\\\/\",\"url\":\"https:\\\/\\\/www.hoteltritonevenice.com\\\/de\\\/leistungen\\\/silver-hotel\\\/\",\"name\":\"Seniorenreisende Venedig \u2013 Dienste Hotel Tritone \u00fcber 65-J\u00e4hrige\",\"isPartOf\":{\"@id\":\"https:\\\/\\\/www.hoteltritonevenice.com\\\/de\\\/#website\"},\"primaryImageOfPage\":{\"@id\":\"https:\\\/\\\/www.hoteltritonevenice.com\\\/de\\\/leistungen\\\/silver-hotel\\\/#primaryimage\"},\"image\":{\"@id\":\"https:\\\/\\\/www.hoteltritonevenice.com\\\/de\\\/leistungen\\\/silver-hotel\\\/#primaryimage\"},\"thumbnailUrl\":\"https:\\\/\\\/www.hoteltritonevenice.com\\\/wp-content\\\/uploads\\\/sites\\\/79\\\/2024\\\/10\\\/senior2.webp\",\"datePublished\":\"2024-10-28T09:51:08+00:00\",\"dateModified\":\"2025-05-26T08:12:07+00:00\",\"description\":\"Im Hotel Tritone: ma\u00dfgeschneiderter Komfort f\u00fcr G\u00e4ste 65+, ideal f\u00fcr Slow Tourism in Mestre \u2013 entdecken Sie Venedig in Ihrem Tempo! Sie entdecken!\",\"breadcrumb\":{\"@id\":\"https:\\\/\\\/www.hoteltritonevenice.com\\\/de\\\/leistungen\\\/silver-hotel\\\/#breadcrumb\"},\"inLanguage\":\"de\",\"potentialAction\":[{\"@type\":\"ReadAction\",\"target\":[\"https:\\\/\\\/www.hoteltritonevenice.com\\\/de\\\/leistungen\\\/silver-hotel\\\/\"]}]},{\"@type\":\"ImageObject\",\"inLanguage\":\"de\",\"@id\":\"https:\\\/\\\/www.hoteltritonevenice.com\\\/de\\\/leistungen\\\/silver-hotel\\\/#primaryimage\",\"url\":\"https:\\\/\\\/www.hoteltritonevenice.com\\\/wp-content\\\/uploads\\\/sites\\\/79\\\/2024\\\/10\\\/senior2.webp\",\"contentUrl\":\"https:\\\/\\\/www.hoteltritonevenice.com\\\/wp-content\\\/uploads\\\/sites\\\/79\\\/2024\\\/10\\\/senior2.webp\",\"width\":1920,\"height\":1280,\"caption\":\"Senior Travelers - Hotel Tritone\"},{\"@type\":\"BreadcrumbList\",\"@id\":\"https:\\\/\\\/www.hoteltritonevenice.com\\\/de\\\/leistungen\\\/silver-hotel\\\/#breadcrumb\",\"itemListElement\":[{\"@type\":\"ListItem\",\"position\":1,\"name\":\"Home\",\"item\":\"https:\\\/\\\/www.hoteltritonevenice.com\\\/de\\\/home\\\/\"},{\"@type\":\"ListItem\",\"position\":2,\"name\":\"Leistungen\",\"item\":\"https:\\\/\\\/www.hoteltritonevenice.com\\\/de\\\/leistungen\\\/\"},{\"@type\":\"ListItem\",\"position\":3,\"name\":\"Silver Hotel\"}]},{\"@type\":\"WebSite\",\"@id\":\"https:\\\/\\\/www.hoteltritonevenice.com\\\/de\\\/#website\",\"url\":\"https:\\\/\\\/www.hoteltritonevenice.com\\\/de\\\/\",\"name\":\"98380 Hotel Tritone Venice\",\"description\":\"\",\"publisher\":{\"@id\":\"https:\\\/\\\/www.hoteltritonevenice.com\\\/de\\\/#organization\"},\"potentialAction\":[{\"@type\":\"SearchAction\",\"target\":{\"@type\":\"EntryPoint\",\"urlTemplate\":\"https:\\\/\\\/www.hoteltritonevenice.com\\\/de\\\/?s={search_term_string}\"},\"query-input\":{\"@type\":\"PropertyValueSpecification\",\"valueRequired\":true,\"valueName\":\"search_term_string\"}}],\"inLanguage\":\"de\"},{\"@type\":\"Organization\",\"@id\":\"https:\\\/\\\/www.hoteltritonevenice.com\\\/de\\\/#organization\",\"name\":\"98380 Hotel Tritone Venice\",\"url\":\"https:\\\/\\\/www.hoteltritonevenice.com\\\/de\\\/\",\"logo\":{\"@type\":\"ImageObject\",\"inLanguage\":\"de\",\"@id\":\"https:\\\/\\\/www.hoteltritonevenice.com\\\/de\\\/#\\\/schema\\\/logo\\\/image\\\/\",\"url\":\"https:\\\/\\\/www.hoteltritonevenice.com\\\/wp-content\\\/uploads\\\/sites\\\/79\\\/2024\\\/07\\\/BW-core.png\",\"contentUrl\":\"https:\\\/\\\/www.hoteltritonevenice.com\\\/wp-content\\\/uploads\\\/sites\\\/79\\\/2024\\\/07\\\/BW-core.png\",\"width\":2500,\"height\":916,\"caption\":\"98380 Hotel Tritone Venice\"},\"image\":{\"@id\":\"https:\\\/\\\/www.hoteltritonevenice.com\\\/de\\\/#\\\/schema\\\/logo\\\/image\\\/\"}}]}<\/script>\n<!-- \/ Yoast SEO plugin. -->","yoast_head_json":{"title":"Seniorenreisende Venedig \u2013 Dienste Hotel Tritone \u00fcber 65-J\u00e4hrige","description":"Im Hotel Tritone: ma\u00dfgeschneiderter Komfort f\u00fcr G\u00e4ste 65+, ideal f\u00fcr Slow Tourism in Mestre \u2013 entdecken Sie Venedig in Ihrem Tempo! Sie entdecken!","robots":{"index":"index","follow":"follow","max-snippet":"max-snippet:-1","max-image-preview":"max-image-preview:large","max-video-preview":"max-video-preview:-1"},"canonical":"https:\/\/www.hoteltritonevenice.com\/de\/leistungen\/silver-hotel\/","og_locale":"de_DE","og_type":"article","og_title":"Seniorenreisende Venedig \u2013 Dienste Hotel Tritone \u00fcber 65-J\u00e4hrige","og_description":"Im Hotel Tritone: ma\u00dfgeschneiderter Komfort f\u00fcr G\u00e4ste 65+, ideal f\u00fcr Slow Tourism in Mestre \u2013 entdecken Sie Venedig in Ihrem Tempo! Sie entdecken!","og_url":"https:\/\/www.hoteltritonevenice.com\/de\/leistungen\/silver-hotel\/","og_site_name":"98380 Hotel Tritone Venice","article_modified_time":"2025-05-26T08:12:07+00:00","og_image":[{"width":1920,"height":1280,"url":"https:\/\/bwh-cdn.neen.dev\/wp-content\/uploads\/sites\/79\/2024\/10\/senior2.webp","type":"image\/webp"}],"twitter_card":"summary_large_image","twitter_misc":{"Gesch\u00e4tzte Lesezeit":"2\u00a0Minuten"},"schema":{"@context":"https:\/\/schema.org","@graph":[{"@type":"WebPage","@id":"https:\/\/www.hoteltritonevenice.com\/de\/leistungen\/silver-hotel\/","url":"https:\/\/www.hoteltritonevenice.com\/de\/leistungen\/silver-hotel\/","name":"Seniorenreisende Venedig \u2013 Dienste Hotel Tritone \u00fcber 65-J\u00e4hrige","isPartOf":{"@id":"https:\/\/www.hoteltritonevenice.com\/de\/#website"},"primaryImageOfPage":{"@id":"https:\/\/www.hoteltritonevenice.com\/de\/leistungen\/silver-hotel\/#primaryimage"},"image":{"@id":"https:\/\/www.hoteltritonevenice.com\/de\/leistungen\/silver-hotel\/#primaryimage"},"thumbnailUrl":"https:\/\/www.hoteltritonevenice.com\/wp-content\/uploads\/sites\/79\/2024\/10\/senior2.webp","datePublished":"2024-10-28T09:51:08+00:00","dateModified":"2025-05-26T08:12:07+00:00","description":"Im Hotel Tritone: ma\u00dfgeschneiderter Komfort f\u00fcr G\u00e4ste 65+, ideal f\u00fcr Slow Tourism in Mestre \u2013 entdecken Sie Venedig in Ihrem Tempo! Sie entdecken!","breadcrumb":{"@id":"https:\/\/www.hoteltritonevenice.com\/de\/leistungen\/silver-hotel\/#breadcrumb"},"inLanguage":"de","potentialAction":[{"@type":"ReadAction","target":["https:\/\/www.hoteltritonevenice.com\/de\/leistungen\/silver-hotel\/"]}]},{"@type":"ImageObject","inLanguage":"de","@id":"https:\/\/www.hoteltritonevenice.com\/de\/leistungen\/silver-hotel\/#primaryimage","url":"https:\/\/www.hoteltritonevenice.com\/wp-content\/uploads\/sites\/79\/2024\/10\/senior2.webp","contentUrl":"https:\/\/www.hoteltritonevenice.com\/wp-content\/uploads\/sites\/79\/2024\/10\/senior2.webp","width":1920,"height":1280,"caption":"Senior Travelers - Hotel Tritone"},{"@type":"BreadcrumbList","@id":"https:\/\/www.hoteltritonevenice.com\/de\/leistungen\/silver-hotel\/#breadcrumb","itemListElement":[{"@type":"ListItem","position":1,"name":"Home","item":"https:\/\/www.hoteltritonevenice.com\/de\/home\/"},{"@type":"ListItem","position":2,"name":"Leistungen","item":"https:\/\/www.hoteltritonevenice.com\/de\/leistungen\/"},{"@type":"ListItem","position":3,"name":"Silver Hotel"}]},{"@type":"WebSite","@id":"https:\/\/www.hoteltritonevenice.com\/de\/#website","url":"https:\/\/www.hoteltritonevenice.com\/de\/","name":"98380 Hotel Tritone Venice","description":"","publisher":{"@id":"https:\/\/www.hoteltritonevenice.com\/de\/#organization"},"potentialAction":[{"@type":"SearchAction","target":{"@type":"EntryPoint","urlTemplate":"https:\/\/www.hoteltritonevenice.com\/de\/?s={search_term_string}"},"query-input":{"@type":"PropertyValueSpecification","valueRequired":true,"valueName":"search_term_string"}}],"inLanguage":"de"},{"@type":"Organization","@id":"https:\/\/www.hoteltritonevenice.com\/de\/#organization","name":"98380 Hotel Tritone Venice","url":"https:\/\/www.hoteltritonevenice.com\/de\/","logo":{"@type":"ImageObject","inLanguage":"de","@id":"https:\/\/www.hoteltritonevenice.com\/de\/#\/schema\/logo\/image\/","url":"https:\/\/www.hoteltritonevenice.com\/wp-content\/uploads\/sites\/79\/2024\/07\/BW-core.png","contentUrl":"https:\/\/www.hoteltritonevenice.com\/wp-content\/uploads\/sites\/79\/2024\/07\/BW-core.png","width":2500,"height":916,"caption":"98380 Hotel Tritone Venice"},"image":{"@id":"https:\/\/www.hoteltritonevenice.com\/de\/#\/schema\/logo\/image\/"}}]}},"_links":{"self":[{"href":"https:\/\/www.hoteltritonevenice.com\/de\/wp-json\/wp\/v2\/pages\/4487","targetHints":{"allow":["GET"]}}],"collection":[{"href":"https:\/\/www.hoteltritonevenice.com\/de\/wp-json\/wp\/v2\/pages"}],"about":[{"href":"https:\/\/www.hoteltritonevenice.com\/de\/wp-json\/wp\/v2\/types\/page"}],"author":[{"embeddable":true,"href":"https:\/\/www.hoteltritonevenice.com\/de\/wp-json\/wp\/v2\/users\/6"}],"replies":[{"embeddable":true,"href":"https:\/\/www.hoteltritonevenice.com\/de\/wp-json\/wp\/v2\/comments?post=4487"}],"version-history":[{"count":3,"href":"https:\/\/www.hoteltritonevenice.com\/de\/wp-json\/wp\/v2\/pages\/4487\/revisions"}],"predecessor-version":[{"id":5990,"href":"https:\/\/www.hoteltritonevenice.com\/de\/wp-json\/wp\/v2\/pages\/4487\/revisions\/5990"}],"up":[{"embeddable":true,"href":"https:\/\/www.hoteltritonevenice.com\/de\/wp-json\/wp\/v2\/pages\/3797"}],"wp:featuredmedia":[{"embeddable":true,"href":"https:\/\/www.hoteltritonevenice.com\/de\/wp-json\/wp\/v2\/media\/4384"}],"wp:attachment":[{"href":"https:\/\/www.hoteltritonevenice.com\/de\/wp-json\/wp\/v2\/media?parent=4487"}],"curies":[{"name":"wp","href":"https:\/\/api.w.org\/{rel}","templated":true}]}}