{"id":4415,"date":"2024-10-28T10:43:57","date_gmt":"2024-10-28T09:43:57","guid":{"rendered":"https:\/\/98380-tritone.tempwebsite.it\/servicios\/hotel-accesible\/"},"modified":"2025-04-24T12:54:32","modified_gmt":"2025-04-24T10:54:32","slug":"hotel-accesible","status":"publish","type":"page","link":"https:\/\/www.hoteltritonevenice.com\/es\/servicios\/hotel-accesible\/","title":{"rendered":"Hotel accesible"},"content":{"rendered":"\t\t<div data-elementor-type=\"wp-page\" data-elementor-id=\"4415\" class=\"elementor elementor-4415 elementor-2503\" data-elementor-post-type=\"page\">\n\t\t\t\t<div class=\"elementor-element elementor-element-11ef1cf e-flex e-con-boxed e-con e-parent\" data-id=\"11ef1cf\" data-element_type=\"container\" data-e-type=\"container\" data-settings=\"{&quot;background_background&quot;:&quot;classic&quot;,&quot;shape_divider_bottom&quot;:&quot;curve&quot;}\">\n\t\t\t\t\t<div class=\"e-con-inner\">\n\t\t\t\t<div class=\"elementor-shape elementor-shape-bottom\" aria-hidden=\"true\" data-negative=\"false\">\n\t\t\t<svg xmlns=\"http:\/\/www.w3.org\/2000\/svg\" viewBox=\"0 0 1000 100\" preserveAspectRatio=\"none\">\n    <path class=\"elementor-shape-fill\" d=\"M1000,4.3V0H0v4.3C0.9,23.1,126.7,99.2,500,100S1000,22.7,1000,4.3z\"\/>\n<\/svg>\t\t<\/div>\n\t\t\t\t\t<\/div>\n\t\t\t\t<\/div>\n\t\t<div class=\"elementor-element elementor-element-71f9376 e-flex e-con-boxed e-con e-parent\" data-id=\"71f9376\" data-element_type=\"container\" data-e-type=\"container\">\n\t\t\t\t\t<div class=\"e-con-inner\">\n\t\t\t\t<div class=\"elementor-element elementor-element-52418c6 elementor-widget elementor-widget-heading\" data-id=\"52418c6\" data-element_type=\"widget\" data-e-type=\"widget\" data-widget_type=\"heading.default\">\n\t\t\t\t<div class=\"elementor-widget-container\">\n\t\t\t\t\t<h1 class=\"elementor-heading-title elementor-size-default\">Hotel accesible<\/h1>\t\t\t\t<\/div>\n\t\t\t\t<\/div>\n\t\t\t\t<div class=\"elementor-element elementor-element-f3e288d elementor-widget elementor-widget-heading\" data-id=\"f3e288d\" data-element_type=\"widget\" data-e-type=\"widget\" data-widget_type=\"heading.default\">\n\t\t\t\t<div class=\"elementor-widget-container\">\n\t\t\t\t\t<span class=\"elementor-heading-title elementor-size-default\">\u00a1Todos nuestros servicios para que disfrutes de una estancia accesible en Venecia!<\/span>\t\t\t\t<\/div>\n\t\t\t\t<\/div>\n\t\t\t\t<div class=\"elementor-element elementor-element-1f483b4 elementor-widget-divider--view-line elementor-widget elementor-widget-divider\" data-id=\"1f483b4\" data-element_type=\"widget\" data-e-type=\"widget\" data-widget_type=\"divider.default\">\n\t\t\t\t<div class=\"elementor-widget-container\">\n\t\t\t\t\t\t\t<div class=\"elementor-divider\">\n\t\t\t<span class=\"elementor-divider-separator\">\n\t\t\t\t\t\t<\/span>\n\t\t<\/div>\n\t\t\t\t\t\t<\/div>\n\t\t\t\t<\/div>\n\t\t\t\t<div class=\"elementor-element elementor-element-0005fb3 elementor-widget elementor-widget-text-editor\" data-id=\"0005fb3\" data-element_type=\"widget\" data-e-type=\"widget\" data-widget_type=\"text-editor.default\">\n\t\t\t\t<div class=\"elementor-widget-container\">\n\t\t\t\t\t\t\t\t\t<p>Hacer que la estancia sea c\u00f3moda y simplificar el acceso a las instalaciones para todos nuestros hu\u00e9spedes es nuestro objetivo diario. Por eso ofrecemos <strong>servicios especializados y procedimientos integradores para dar cabida a todo el mundo<\/strong>. <\/p><p>Si est\u00e1s planeando unas <strong>vacaciones en Venecia<\/strong> y buscas un<strong> hotel accesible y adaptado a necesidades especiales<\/strong>, elige el <strong>Hotel Tritone<\/strong>: nuestro confortable hotel de 4 estrellas te acoger\u00e1 con todas las comodidades y garantizar\u00e1 que tu estancia sea c\u00f3moda y segura.<\/p>\t\t\t\t\t\t\t\t<\/div>\n\t\t\t\t<\/div>\n\t\t\t\t\t<\/div>\n\t\t\t\t<\/div>\n\t\t<div class=\"elementor-element elementor-element-d66f21e e-flex e-con-boxed e-con e-parent\" data-id=\"d66f21e\" data-element_type=\"container\" data-e-type=\"container\" data-settings=\"{&quot;animation_mobile&quot;:&quot;none&quot;}\">\n\t\t\t\t\t<div class=\"e-con-inner\">\n\t\t<div class=\"elementor-element elementor-element-0d6fd29 e-con-full e-flex elementor-invisible e-con e-child\" data-id=\"0d6fd29\" data-element_type=\"container\" data-e-type=\"container\" data-settings=\"{&quot;motion_fx_motion_fx_scrolling&quot;:&quot;yes&quot;,&quot;animation&quot;:&quot;fadeInLeft&quot;,&quot;animation_mobile&quot;:&quot;fadeIn&quot;,&quot;background_background&quot;:&quot;classic&quot;,&quot;motion_fx_devices&quot;:[&quot;desktop&quot;,&quot;tablet&quot;,&quot;mobile&quot;]}\">\n\t\t<div class=\"elementor-element elementor-element-957ffad e-con-full e-flex e-con e-child\" data-id=\"957ffad\" data-element_type=\"container\" data-e-type=\"container\" data-settings=\"{&quot;animation_mobile&quot;:&quot;none&quot;}\">\n\t\t\t\t<div class=\"elementor-element elementor-element-a33a400 elementor-widget elementor-widget-heading\" data-id=\"a33a400\" data-element_type=\"widget\" data-e-type=\"widget\" data-settings=\"{&quot;_animation_mobile&quot;:&quot;none&quot;}\" data-widget_type=\"heading.default\">\n\t\t\t\t<div class=\"elementor-widget-container\">\n\t\t\t\t\t<h2 class=\"elementor-heading-title elementor-size-default\">Nuestro compromiso<\/h2>\t\t\t\t<\/div>\n\t\t\t\t<\/div>\n\t\t\t\t<div class=\"elementor-element elementor-element-3c77674 elementor-widget elementor-widget-text-editor\" data-id=\"3c77674\" data-element_type=\"widget\" data-e-type=\"widget\" data-settings=\"{&quot;_animation_mobile&quot;:&quot;none&quot;}\" data-widget_type=\"text-editor.default\">\n\t\t\t\t<div class=\"elementor-widget-container\">\n\t\t\t\t\t\t\t\t\t<p>Gracias a <strong>Cityfriends<\/strong>, profesionales del turismo accesible, hemos identificado las <strong>habitaciones ideales<\/strong>, analizado nuestras zonas comunes y preparado una <strong>hoja informativa<\/strong> para que puedas conocer el hotel lo mejor posible antes de tu estancia.<\/p><p><strong>Echa un vistazo o descarga<\/strong> nuestra <strong>ficha t\u00e9cnica<\/strong>, con <strong>toda la informaci\u00f3n necesaria para tu estancia<\/strong>: aparcamiento, zonas comunes, aseos, comedores y detalles de habitaciones y ba\u00f1os. As\u00ed, podr\u00e1s conocer de antemano toda la informaci\u00f3n log\u00edstica sobre el hotel y los servicios disponibles. <\/p>\t\t\t\t\t\t\t\t<\/div>\n\t\t\t\t<\/div>\n\t\t\t\t<div class=\"elementor-element elementor-element-d9f442e elementor-mobile-align-center elementor-widget-mobile__width-inherit elementor-tablet-align-center elementor-invisible elementor-widget elementor-widget-button\" data-id=\"d9f442e\" data-element_type=\"widget\" data-e-type=\"widget\" data-settings=\"{&quot;_animation&quot;:&quot;fadeIn&quot;,&quot;_animation_mobile&quot;:&quot;none&quot;}\" data-widget_type=\"button.default\">\n\t\t\t\t<div class=\"elementor-widget-container\">\n\t\t\t\t\t\t\t\t\t<div class=\"elementor-button-wrapper\">\n\t\t\t\t\t<a class=\"elementor-button elementor-button-link elementor-size-sm\" href=\"\/wp-content\/uploads\/sites\/79\/2024\/10\/HotelAccessibile_98380_IT.pdf\" target=\"_blank\">\n\t\t\t\t\t\t<span class=\"elementor-button-content-wrapper\">\n\t\t\t\t\t\t\t\t\t<span class=\"elementor-button-text\">Descargar la ficha t\u00e9cnica<\/span>\n\t\t\t\t\t<\/span>\n\t\t\t\t\t<\/a>\n\t\t\t\t<\/div>\n\t\t\t\t\t\t\t\t<\/div>\n\t\t\t\t<\/div>\n\t\t\t\t<\/div>\n\t\t\t\t<\/div>\n\t\t<div class=\"elementor-element elementor-element-75120eb e-con-full e-flex elementor-invisible e-con e-child\" data-id=\"75120eb\" data-element_type=\"container\" data-e-type=\"container\" data-settings=\"{&quot;background_background&quot;:&quot;classic&quot;,&quot;animation&quot;:&quot;fadeInRight&quot;,&quot;animation_mobile&quot;:&quot;none&quot;}\">\n\t\t\t\t<div class=\"elementor-element elementor-element-cc7fb17 elementor-widget elementor-widget-heading\" data-id=\"cc7fb17\" data-element_type=\"widget\" data-e-type=\"widget\" data-widget_type=\"heading.default\">\n\t\t\t\t<div class=\"elementor-widget-container\">\n\t\t\t\t\t<h3 class=\"elementor-heading-title elementor-size-default\">C\u00f3mo reservar una habitaci\u00f3n<\/h3>\t\t\t\t<\/div>\n\t\t\t\t<\/div>\n\t\t\t\t<div class=\"elementor-element elementor-element-400c690 elementor-widget-tablet__width-initial elementor-widget-mobile__width-inherit elementor-widget elementor-widget-text-editor\" data-id=\"400c690\" data-element_type=\"widget\" data-e-type=\"widget\" data-widget_type=\"text-editor.default\">\n\t\t\t\t<div class=\"elementor-widget-container\">\n\t\t\t\t\t\t\t\t\t<p><strong>Para reservar <\/strong>una habitaci\u00f3n especial, <a href=\"mailto:info@hoteltritonevenice.com\">cont\u00e1ctanos<\/a> especificando tus necesidades o, al reservar online, indica tus peticiones en el campo \u00abNotas\u00bb.<\/p><p>En cualquier caso, no dudes en <strong>contactar con nosotros<\/strong>, \u00a1estaremos a tu entera disposici\u00f3n!<\/p>\t\t\t\t\t\t\t\t<\/div>\n\t\t\t\t<\/div>\n\t\t\t\t<\/div>\n\t\t\t\t\t<\/div>\n\t\t\t\t<\/div>\n\t\t\t\t<\/div>\n\t\t","protected":false},"excerpt":{"rendered":"<p>Hotel accesible \u00a1Todos nuestros servicios para que disfrutes de una estancia accesible en Venecia! Hacer que la estancia sea c\u00f3moda y simplificar el acceso a las instalaciones para todos nuestros hu\u00e9spedes es nuestro objetivo diario. Por eso ofrecemos servicios especializados y procedimientos integradores para dar cabida a todo el mundo. Si est\u00e1s planeando unas vacaciones [&hellip;]<\/p>\n","protected":false},"author":6,"featured_media":3916,"parent":3912,"menu_order":0,"comment_status":"closed","ping_status":"closed","template":"","meta":{"footnotes":""},"class_list":["post-4415","page","type-page","status-publish","has-post-thumbnail","hentry"],"yoast_head":"<!-- This site is optimized with the Yoast SEO plugin v27.3 - https:\/\/yoast.com\/product\/yoast-seo-wordpress\/ -->\n<title>Hotel accesible Venecia Mestre - Hotel Tritone 4 estrellas<\/title>\n<meta name=\"description\" content=\"\u00bfEst\u00e1s organizando una estancia en Venecia y buscas un hotel accesible? \u00a1Elija los espacios, servicios y comodidad del Hotel Tritone Mestre!\" \/>\n<meta name=\"robots\" content=\"index, follow, max-snippet:-1, max-image-preview:large, max-video-preview:-1\" \/>\n<link rel=\"canonical\" href=\"https:\/\/www.hoteltritonevenice.com\/es\/servicios\/hotel-accesible\/\" \/>\n<meta property=\"og:locale\" content=\"es_ES\" \/>\n<meta property=\"og:type\" content=\"article\" \/>\n<meta property=\"og:title\" content=\"Hotel accesible Venecia Mestre - Hotel Tritone 4 estrellas\" \/>\n<meta property=\"og:description\" content=\"\u00bfEst\u00e1s organizando una estancia en Venecia y buscas un hotel accesible? \u00a1Elija los espacios, servicios y comodidad del Hotel Tritone Mestre!\" \/>\n<meta property=\"og:url\" content=\"https:\/\/www.hoteltritonevenice.com\/es\/servicios\/hotel-accesible\/\" \/>\n<meta property=\"og:site_name\" content=\"98380 Hotel Tritone Venice\" \/>\n<meta property=\"article:modified_time\" content=\"2025-04-24T10:54:32+00:00\" \/>\n<meta property=\"og:image\" content=\"https:\/\/bwh-cdn.neen.dev\/wp-content\/uploads\/sites\/79\/2024\/10\/hotel-accessibile.webp\" \/>\n\t<meta property=\"og:image:width\" content=\"1920\" \/>\n\t<meta property=\"og:image:height\" content=\"800\" \/>\n\t<meta property=\"og:image:type\" content=\"image\/webp\" \/>\n<meta name=\"twitter:card\" content=\"summary_large_image\" \/>\n<meta name=\"twitter:label1\" content=\"Tiempo de lectura\" \/>\n\t<meta name=\"twitter:data1\" content=\"1 minuto\" \/>\n<script type=\"application\/ld+json\" class=\"yoast-schema-graph\">{\"@context\":\"https:\\\/\\\/schema.org\",\"@graph\":[{\"@type\":\"WebPage\",\"@id\":\"https:\\\/\\\/www.hoteltritonevenice.com\\\/es\\\/servicios\\\/hotel-accesible\\\/\",\"url\":\"https:\\\/\\\/www.hoteltritonevenice.com\\\/es\\\/servicios\\\/hotel-accesible\\\/\",\"name\":\"Hotel accesible Venecia Mestre - Hotel Tritone 4 estrellas\",\"isPartOf\":{\"@id\":\"https:\\\/\\\/www.hoteltritonevenice.com\\\/es\\\/#website\"},\"primaryImageOfPage\":{\"@id\":\"https:\\\/\\\/www.hoteltritonevenice.com\\\/es\\\/servicios\\\/hotel-accesible\\\/#primaryimage\"},\"image\":{\"@id\":\"https:\\\/\\\/www.hoteltritonevenice.com\\\/es\\\/servicios\\\/hotel-accesible\\\/#primaryimage\"},\"thumbnailUrl\":\"https:\\\/\\\/www.hoteltritonevenice.com\\\/wp-content\\\/uploads\\\/sites\\\/79\\\/2024\\\/10\\\/hotel-accessibile.webp\",\"datePublished\":\"2024-10-28T09:43:57+00:00\",\"dateModified\":\"2025-04-24T10:54:32+00:00\",\"description\":\"\u00bfEst\u00e1s organizando una estancia en Venecia y buscas un hotel accesible? \u00a1Elija los espacios, servicios y comodidad del Hotel Tritone Mestre!\",\"breadcrumb\":{\"@id\":\"https:\\\/\\\/www.hoteltritonevenice.com\\\/es\\\/servicios\\\/hotel-accesible\\\/#breadcrumb\"},\"inLanguage\":\"es\",\"potentialAction\":[{\"@type\":\"ReadAction\",\"target\":[\"https:\\\/\\\/www.hoteltritonevenice.com\\\/es\\\/servicios\\\/hotel-accesible\\\/\"]}]},{\"@type\":\"ImageObject\",\"inLanguage\":\"es\",\"@id\":\"https:\\\/\\\/www.hoteltritonevenice.com\\\/es\\\/servicios\\\/hotel-accesible\\\/#primaryimage\",\"url\":\"https:\\\/\\\/www.hoteltritonevenice.com\\\/wp-content\\\/uploads\\\/sites\\\/79\\\/2024\\\/10\\\/hotel-accessibile.webp\",\"contentUrl\":\"https:\\\/\\\/www.hoteltritonevenice.com\\\/wp-content\\\/uploads\\\/sites\\\/79\\\/2024\\\/10\\\/hotel-accessibile.webp\",\"width\":1920,\"height\":800,\"caption\":\"Accessible Hotel - Hotel Tritone Venice Mestre\"},{\"@type\":\"BreadcrumbList\",\"@id\":\"https:\\\/\\\/www.hoteltritonevenice.com\\\/es\\\/servicios\\\/hotel-accesible\\\/#breadcrumb\",\"itemListElement\":[{\"@type\":\"ListItem\",\"position\":1,\"name\":\"Home\",\"item\":\"https:\\\/\\\/www.hoteltritonevenice.com\\\/es\\\/home\\\/\"},{\"@type\":\"ListItem\",\"position\":2,\"name\":\"Servicios\",\"item\":\"https:\\\/\\\/www.hoteltritonevenice.com\\\/es\\\/servicios\\\/\"},{\"@type\":\"ListItem\",\"position\":3,\"name\":\"Hotel accesible\"}]},{\"@type\":\"WebSite\",\"@id\":\"https:\\\/\\\/www.hoteltritonevenice.com\\\/es\\\/#website\",\"url\":\"https:\\\/\\\/www.hoteltritonevenice.com\\\/es\\\/\",\"name\":\"98380 Hotel Tritone Venice\",\"description\":\"\",\"publisher\":{\"@id\":\"https:\\\/\\\/www.hoteltritonevenice.com\\\/es\\\/#organization\"},\"potentialAction\":[{\"@type\":\"SearchAction\",\"target\":{\"@type\":\"EntryPoint\",\"urlTemplate\":\"https:\\\/\\\/www.hoteltritonevenice.com\\\/es\\\/?s={search_term_string}\"},\"query-input\":{\"@type\":\"PropertyValueSpecification\",\"valueRequired\":true,\"valueName\":\"search_term_string\"}}],\"inLanguage\":\"es\"},{\"@type\":\"Organization\",\"@id\":\"https:\\\/\\\/www.hoteltritonevenice.com\\\/es\\\/#organization\",\"name\":\"98380 Hotel Tritone Venice\",\"url\":\"https:\\\/\\\/www.hoteltritonevenice.com\\\/es\\\/\",\"logo\":{\"@type\":\"ImageObject\",\"inLanguage\":\"es\",\"@id\":\"https:\\\/\\\/www.hoteltritonevenice.com\\\/es\\\/#\\\/schema\\\/logo\\\/image\\\/\",\"url\":\"https:\\\/\\\/www.hoteltritonevenice.com\\\/wp-content\\\/uploads\\\/sites\\\/79\\\/2024\\\/07\\\/BW-core.png\",\"contentUrl\":\"https:\\\/\\\/www.hoteltritonevenice.com\\\/wp-content\\\/uploads\\\/sites\\\/79\\\/2024\\\/07\\\/BW-core.png\",\"width\":2500,\"height\":916,\"caption\":\"98380 Hotel Tritone Venice\"},\"image\":{\"@id\":\"https:\\\/\\\/www.hoteltritonevenice.com\\\/es\\\/#\\\/schema\\\/logo\\\/image\\\/\"}}]}<\/script>\n<!-- \/ Yoast SEO plugin. -->","yoast_head_json":{"title":"Hotel accesible Venecia Mestre - Hotel Tritone 4 estrellas","description":"\u00bfEst\u00e1s organizando una estancia en Venecia y buscas un hotel accesible? \u00a1Elija los espacios, servicios y comodidad del Hotel Tritone Mestre!","robots":{"index":"index","follow":"follow","max-snippet":"max-snippet:-1","max-image-preview":"max-image-preview:large","max-video-preview":"max-video-preview:-1"},"canonical":"https:\/\/www.hoteltritonevenice.com\/es\/servicios\/hotel-accesible\/","og_locale":"es_ES","og_type":"article","og_title":"Hotel accesible Venecia Mestre - Hotel Tritone 4 estrellas","og_description":"\u00bfEst\u00e1s organizando una estancia en Venecia y buscas un hotel accesible? \u00a1Elija los espacios, servicios y comodidad del Hotel Tritone Mestre!","og_url":"https:\/\/www.hoteltritonevenice.com\/es\/servicios\/hotel-accesible\/","og_site_name":"98380 Hotel Tritone Venice","article_modified_time":"2025-04-24T10:54:32+00:00","og_image":[{"width":1920,"height":800,"url":"https:\/\/bwh-cdn.neen.dev\/wp-content\/uploads\/sites\/79\/2024\/10\/hotel-accessibile.webp","type":"image\/webp"}],"twitter_card":"summary_large_image","twitter_misc":{"Tiempo de lectura":"1 minuto"},"schema":{"@context":"https:\/\/schema.org","@graph":[{"@type":"WebPage","@id":"https:\/\/www.hoteltritonevenice.com\/es\/servicios\/hotel-accesible\/","url":"https:\/\/www.hoteltritonevenice.com\/es\/servicios\/hotel-accesible\/","name":"Hotel accesible Venecia Mestre - Hotel Tritone 4 estrellas","isPartOf":{"@id":"https:\/\/www.hoteltritonevenice.com\/es\/#website"},"primaryImageOfPage":{"@id":"https:\/\/www.hoteltritonevenice.com\/es\/servicios\/hotel-accesible\/#primaryimage"},"image":{"@id":"https:\/\/www.hoteltritonevenice.com\/es\/servicios\/hotel-accesible\/#primaryimage"},"thumbnailUrl":"https:\/\/www.hoteltritonevenice.com\/wp-content\/uploads\/sites\/79\/2024\/10\/hotel-accessibile.webp","datePublished":"2024-10-28T09:43:57+00:00","dateModified":"2025-04-24T10:54:32+00:00","description":"\u00bfEst\u00e1s organizando una estancia en Venecia y buscas un hotel accesible? \u00a1Elija los espacios, servicios y comodidad del Hotel Tritone Mestre!","breadcrumb":{"@id":"https:\/\/www.hoteltritonevenice.com\/es\/servicios\/hotel-accesible\/#breadcrumb"},"inLanguage":"es","potentialAction":[{"@type":"ReadAction","target":["https:\/\/www.hoteltritonevenice.com\/es\/servicios\/hotel-accesible\/"]}]},{"@type":"ImageObject","inLanguage":"es","@id":"https:\/\/www.hoteltritonevenice.com\/es\/servicios\/hotel-accesible\/#primaryimage","url":"https:\/\/www.hoteltritonevenice.com\/wp-content\/uploads\/sites\/79\/2024\/10\/hotel-accessibile.webp","contentUrl":"https:\/\/www.hoteltritonevenice.com\/wp-content\/uploads\/sites\/79\/2024\/10\/hotel-accessibile.webp","width":1920,"height":800,"caption":"Accessible Hotel - Hotel Tritone Venice Mestre"},{"@type":"BreadcrumbList","@id":"https:\/\/www.hoteltritonevenice.com\/es\/servicios\/hotel-accesible\/#breadcrumb","itemListElement":[{"@type":"ListItem","position":1,"name":"Home","item":"https:\/\/www.hoteltritonevenice.com\/es\/home\/"},{"@type":"ListItem","position":2,"name":"Servicios","item":"https:\/\/www.hoteltritonevenice.com\/es\/servicios\/"},{"@type":"ListItem","position":3,"name":"Hotel accesible"}]},{"@type":"WebSite","@id":"https:\/\/www.hoteltritonevenice.com\/es\/#website","url":"https:\/\/www.hoteltritonevenice.com\/es\/","name":"98380 Hotel Tritone Venice","description":"","publisher":{"@id":"https:\/\/www.hoteltritonevenice.com\/es\/#organization"},"potentialAction":[{"@type":"SearchAction","target":{"@type":"EntryPoint","urlTemplate":"https:\/\/www.hoteltritonevenice.com\/es\/?s={search_term_string}"},"query-input":{"@type":"PropertyValueSpecification","valueRequired":true,"valueName":"search_term_string"}}],"inLanguage":"es"},{"@type":"Organization","@id":"https:\/\/www.hoteltritonevenice.com\/es\/#organization","name":"98380 Hotel Tritone Venice","url":"https:\/\/www.hoteltritonevenice.com\/es\/","logo":{"@type":"ImageObject","inLanguage":"es","@id":"https:\/\/www.hoteltritonevenice.com\/es\/#\/schema\/logo\/image\/","url":"https:\/\/www.hoteltritonevenice.com\/wp-content\/uploads\/sites\/79\/2024\/07\/BW-core.png","contentUrl":"https:\/\/www.hoteltritonevenice.com\/wp-content\/uploads\/sites\/79\/2024\/07\/BW-core.png","width":2500,"height":916,"caption":"98380 Hotel Tritone Venice"},"image":{"@id":"https:\/\/www.hoteltritonevenice.com\/es\/#\/schema\/logo\/image\/"}}]}},"_links":{"self":[{"href":"https:\/\/www.hoteltritonevenice.com\/es\/wp-json\/wp\/v2\/pages\/4415","targetHints":{"allow":["GET"]}}],"collection":[{"href":"https:\/\/www.hoteltritonevenice.com\/es\/wp-json\/wp\/v2\/pages"}],"about":[{"href":"https:\/\/www.hoteltritonevenice.com\/es\/wp-json\/wp\/v2\/types\/page"}],"author":[{"embeddable":true,"href":"https:\/\/www.hoteltritonevenice.com\/es\/wp-json\/wp\/v2\/users\/6"}],"replies":[{"embeddable":true,"href":"https:\/\/www.hoteltritonevenice.com\/es\/wp-json\/wp\/v2\/comments?post=4415"}],"version-history":[{"count":2,"href":"https:\/\/www.hoteltritonevenice.com\/es\/wp-json\/wp\/v2\/pages\/4415\/revisions"}],"predecessor-version":[{"id":5622,"href":"https:\/\/www.hoteltritonevenice.com\/es\/wp-json\/wp\/v2\/pages\/4415\/revisions\/5622"}],"up":[{"embeddable":true,"href":"https:\/\/www.hoteltritonevenice.com\/es\/wp-json\/wp\/v2\/pages\/3912"}],"wp:featuredmedia":[{"embeddable":true,"href":"https:\/\/www.hoteltritonevenice.com\/es\/wp-json\/wp\/v2\/media\/3916"}],"wp:attachment":[{"href":"https:\/\/www.hoteltritonevenice.com\/es\/wp-json\/wp\/v2\/media?parent=4415"}],"curies":[{"name":"wp","href":"https:\/\/api.w.org\/{rel}","templated":true}]}}