{"id":4420,"date":"2024-10-28T10:51:08","date_gmt":"2024-10-28T09:51:08","guid":{"rendered":"https:\/\/98380-tritone.tempwebsite.it\/servicios\/silver-hotel\/"},"modified":"2025-05-26T10:14:13","modified_gmt":"2025-05-26T08:14:13","slug":"silver-hotel","status":"publish","type":"page","link":"https:\/\/www.hoteltritonevenice.com\/es\/servicios\/silver-hotel\/","title":{"rendered":"Silver Hotel"},"content":{"rendered":"\t\t<div data-elementor-type=\"wp-page\" data-elementor-id=\"4420\" class=\"elementor elementor-4420 elementor-2520\" data-elementor-post-type=\"page\">\n\t\t\t\t<div class=\"elementor-element elementor-element-11ef1cf e-flex e-con-boxed e-con e-parent\" data-id=\"11ef1cf\" data-element_type=\"container\" data-e-type=\"container\" data-settings=\"{&quot;background_background&quot;:&quot;classic&quot;,&quot;shape_divider_bottom&quot;:&quot;curve&quot;}\">\n\t\t\t\t\t<div class=\"e-con-inner\">\n\t\t\t\t<div class=\"elementor-shape elementor-shape-bottom\" aria-hidden=\"true\" data-negative=\"false\">\n\t\t\t<svg xmlns=\"http:\/\/www.w3.org\/2000\/svg\" viewBox=\"0 0 1000 100\" preserveAspectRatio=\"none\">\n    <path class=\"elementor-shape-fill\" d=\"M1000,4.3V0H0v4.3C0.9,23.1,126.7,99.2,500,100S1000,22.7,1000,4.3z\"\/>\n<\/svg>\t\t<\/div>\n\t\t\t\t\t<\/div>\n\t\t\t\t<\/div>\n\t\t<div class=\"elementor-element elementor-element-71f9376 e-flex e-con-boxed e-con e-parent\" data-id=\"71f9376\" data-element_type=\"container\" data-e-type=\"container\">\n\t\t\t\t\t<div class=\"e-con-inner\">\n\t\t\t\t<div class=\"elementor-element elementor-element-52418c6 elementor-widget elementor-widget-heading\" data-id=\"52418c6\" data-element_type=\"widget\" data-e-type=\"widget\" data-widget_type=\"heading.default\">\n\t\t\t\t<div class=\"elementor-widget-container\">\n\t\t\t\t\t<h1 class=\"elementor-heading-title elementor-size-default\">Silver Hotel<\/h1>\t\t\t\t<\/div>\n\t\t\t\t<\/div>\n\t\t\t\t<div class=\"elementor-element elementor-element-f3e288d elementor-widget elementor-widget-heading\" data-id=\"f3e288d\" data-element_type=\"widget\" data-e-type=\"widget\" data-widget_type=\"heading.default\">\n\t\t\t\t<div class=\"elementor-widget-container\">\n\t\t\t\t\t<span class=\"elementor-heading-title elementor-size-default\">Todos nuestros servicios para viajeros mayores de 65 a\u00f1os<\/span>\t\t\t\t<\/div>\n\t\t\t\t<\/div>\n\t\t\t\t<div class=\"elementor-element elementor-element-1f483b4 elementor-widget-divider--view-line elementor-widget elementor-widget-divider\" data-id=\"1f483b4\" data-element_type=\"widget\" data-e-type=\"widget\" data-widget_type=\"divider.default\">\n\t\t\t\t<div class=\"elementor-widget-container\">\n\t\t\t\t\t\t\t<div class=\"elementor-divider\">\n\t\t\t<span class=\"elementor-divider-separator\">\n\t\t\t\t\t\t<\/span>\n\t\t<\/div>\n\t\t\t\t\t\t<\/div>\n\t\t\t\t<\/div>\n\t\t\t\t<div class=\"elementor-element elementor-element-0005fb3 elementor-widget elementor-widget-text-editor\" data-id=\"0005fb3\" data-element_type=\"widget\" data-e-type=\"widget\" data-widget_type=\"text-editor.default\">\n\t\t\t\t<div class=\"elementor-widget-container\">\n\t\t\t\t\t\t\t\t\t<p>En el Hotel Tritone ofrecemos <strong>muchos servicios <\/strong>dise\u00f1ados para <strong>viajeros mayores de 65 a\u00f1os<\/strong> que quieran descubrir la belleza de Venecia con total comodidad. Nuestros hu\u00e9spedes dispondr\u00e1n de <strong>servicios gratuitos<\/strong> en el hotel y de un <strong>Paquete <\/strong>para personalizar su estancia. <\/p>\t\t\t\t\t\t\t\t<\/div>\n\t\t\t\t<\/div>\n\t\t\t\t\t<\/div>\n\t\t\t\t<\/div>\n\t\t<div class=\"elementor-element elementor-element-d66f21e e-flex e-con-boxed e-con e-parent\" data-id=\"d66f21e\" data-element_type=\"container\" data-e-type=\"container\">\n\t\t\t\t\t<div class=\"e-con-inner\">\n\t\t<div class=\"elementor-element elementor-element-0d6fd29 e-con-full e-flex elementor-invisible e-con e-child\" data-id=\"0d6fd29\" data-element_type=\"container\" data-e-type=\"container\" data-settings=\"{&quot;motion_fx_motion_fx_scrolling&quot;:&quot;yes&quot;,&quot;animation&quot;:&quot;fadeInLeft&quot;,&quot;animation_mobile&quot;:&quot;fadeIn&quot;,&quot;background_background&quot;:&quot;classic&quot;,&quot;motion_fx_devices&quot;:[&quot;desktop&quot;,&quot;tablet&quot;,&quot;mobile&quot;]}\">\n\t\t<div class=\"elementor-element elementor-element-957ffad e-con-full e-flex e-con e-child\" data-id=\"957ffad\" data-element_type=\"container\" data-e-type=\"container\" data-settings=\"{&quot;animation_mobile&quot;:&quot;none&quot;}\">\n\t\t\t\t<div class=\"elementor-element elementor-element-a33a400 elementor-widget elementor-widget-heading\" data-id=\"a33a400\" data-element_type=\"widget\" data-e-type=\"widget\" data-widget_type=\"heading.default\">\n\t\t\t\t<div class=\"elementor-widget-container\">\n\t\t\t\t\t<h2 class=\"elementor-heading-title elementor-size-default\">Servicios gratuitos<\/h2>\t\t\t\t<\/div>\n\t\t\t\t<\/div>\n\t\t\t\t<div class=\"elementor-element elementor-element-3c77674 elementor-widget elementor-widget-text-editor\" data-id=\"3c77674\" data-element_type=\"widget\" data-e-type=\"widget\" data-settings=\"{&quot;_animation_mobile&quot;:&quot;none&quot;}\" data-widget_type=\"text-editor.default\">\n\t\t\t\t<div class=\"elementor-widget-container\">\n\t\t\t\t\t\t\t\t\t<ul>\n<li><strong>Caring Concierge <\/strong>para ayudarte en la conexi\u00f3n digital, el registro de entrada y salida y para darte indicaciones tur\u00edsticas, consejos y orientaci\u00f3n sobre atracciones locales y reservas de servicios;<\/li>\n<li><strong>Botella de agua<\/strong> de cortes\u00eda a la llegada;<\/li>\n<li><strong>10% de descuento<\/strong> en los servicios internos del hotel;<\/li>\n<li><strong>Plaza de aparcamiento<\/strong> c\u00f3moda y cercana a la entrada con suplemento;<\/li>\n<li><strong>Rinc\u00f3n de desayuno<\/strong> con productos naturales y saludables;<\/li>\n<li><strong>Propuesta de experiencias locales<\/strong> organizadas con operadores locales;<\/li>\n<li><strong>Servicio de traslado <\/strong>bajo petici\u00f3n con suplemento;<\/li>\n<li><strong>Servicio de equipaje <\/strong>gratuito;<\/li>\n<li><strong>Contacto con asistencia m\u00e9dica<\/strong> 24\/7;<\/li>\n<li><strong>Habitaciones accesibles<\/strong>, zonas comunes siempre disponibles y un servicio de restauraci\u00f3n para las 3 comidas principales (desayuno, comida y cena) y un bar abierto las 24 horas (con servicio de habitaciones).<\/li>\n<\/ul>\t\t\t\t\t\t\t\t<\/div>\n\t\t\t\t<\/div>\n\t\t\t\t<\/div>\n\t\t\t\t<\/div>\n\t\t<div class=\"elementor-element elementor-element-75120eb e-con-full e-flex elementor-invisible e-con e-child\" data-id=\"75120eb\" data-element_type=\"container\" data-e-type=\"container\" data-settings=\"{&quot;background_background&quot;:&quot;classic&quot;,&quot;animation&quot;:&quot;fadeInRight&quot;,&quot;animation_mobile&quot;:&quot;none&quot;}\">\n\t\t\t\t<div class=\"elementor-element elementor-element-cc7fb17 elementor-widget elementor-widget-heading\" data-id=\"cc7fb17\" data-element_type=\"widget\" data-e-type=\"widget\" data-widget_type=\"heading.default\">\n\t\t\t\t<div class=\"elementor-widget-container\">\n\t\t\t\t\t<h3 class=\"elementor-heading-title elementor-size-default\">Paquete Silver<\/h3>\t\t\t\t<\/div>\n\t\t\t\t<\/div>\n\t\t\t\t<div class=\"elementor-element elementor-element-400c690 elementor-widget-mobile__width-inherit elementor-widget elementor-widget-text-editor\" data-id=\"400c690\" data-element_type=\"widget\" data-e-type=\"widget\" data-settings=\"{&quot;_animation_mobile&quot;:&quot;none&quot;}\" data-widget_type=\"text-editor.default\">\n\t\t\t\t<div class=\"elementor-widget-container\">\n\t\t\t\t\t\t\t\t\t<p>Adem\u00e1s, nuestros hu\u00e9spedes senior pueden personalizar su estancia con el <strong>Paquete Silver (disponible con un suplemento de 10 \u20ac por habitaci\u00f3n) <\/strong>que incluye:<\/p>\n<ul>\n<li><strong>Hervidor<\/strong> con selecci\u00f3n de t\u00e9s e infusiones en la habitaci\u00f3n;<\/li>\n<li><strong>Zapatillas<\/strong> y<b>&nbsp;<\/b><strong>Toalla suave<\/strong>;<\/li>\n<li><strong>Kit de cortes\u00eda<\/strong>;<\/li>\n<li><strong>Minibar gratuito<\/strong> con aperitivos y refrescos (1 botella de agua natural de 75 ml, 1 lata de Coca-Cola, 1 paquete de cacahuetes y 1 paquete de galletas).<\/li>\n<\/ul>\n<p>Incluye el <strong>Paquete Silver <\/strong>en tu reserva tras seleccionar tu habitaci\u00f3n o solic\u00edtalo <a href=\"mailto:info@hoteltritonevenice.com\">contactando directamente con el hotel<\/a>.<\/p>\t\t\t\t\t\t\t\t<\/div>\n\t\t\t\t<\/div>\n\t\t\t\t<\/div>\n\t\t\t\t\t<\/div>\n\t\t\t\t<\/div>\n\t\t\t\t<\/div>\n\t\t","protected":false},"excerpt":{"rendered":"<p>Silver Hotel Todos nuestros servicios para viajeros mayores de 65 a\u00f1os En el Hotel Tritone ofrecemos muchos servicios dise\u00f1ados para viajeros mayores de 65 a\u00f1os que quieran descubrir la belleza de Venecia con total comodidad. Nuestros hu\u00e9spedes dispondr\u00e1n de servicios gratuitos en el hotel y de un Paquete para personalizar su estancia. Servicios gratuitos Caring [&hellip;]<\/p>\n","protected":false},"author":6,"featured_media":4386,"parent":3912,"menu_order":0,"comment_status":"closed","ping_status":"closed","template":"","meta":{"footnotes":""},"class_list":["post-4420","page","type-page","status-publish","has-post-thumbnail","hentry"],"yoast_head":"<!-- This site is optimized with the Yoast SEO plugin v27.3 - https:\/\/yoast.com\/product\/yoast-seo-wordpress\/ -->\n<title>Viajeros mayores Venecia - Servicios Hotel Tritone m\u00e1s 65 a\u00f1os<\/title>\n<meta name=\"description\" content=\"Numerosos servicios para viajeros mayores en Venecia Mestre en el Hotel Tritone. Confort adaptado a mayores de 65 a\u00f1os y turismo slow. \u00a1Lo descubres!\" \/>\n<meta name=\"robots\" content=\"index, follow, max-snippet:-1, max-image-preview:large, max-video-preview:-1\" \/>\n<link rel=\"canonical\" href=\"https:\/\/www.hoteltritonevenice.com\/es\/servicios\/silver-hotel\/\" \/>\n<meta property=\"og:locale\" content=\"es_ES\" \/>\n<meta property=\"og:type\" content=\"article\" \/>\n<meta property=\"og:title\" content=\"Viajeros mayores Venecia - Servicios Hotel Tritone m\u00e1s 65 a\u00f1os\" \/>\n<meta property=\"og:description\" content=\"Numerosos servicios para viajeros mayores en Venecia Mestre en el Hotel Tritone. Confort adaptado a mayores de 65 a\u00f1os y turismo slow. \u00a1Lo descubres!\" \/>\n<meta property=\"og:url\" content=\"https:\/\/www.hoteltritonevenice.com\/es\/servicios\/silver-hotel\/\" \/>\n<meta property=\"og:site_name\" content=\"98380 Hotel Tritone Venice\" \/>\n<meta property=\"article:modified_time\" content=\"2025-05-26T08:14:13+00:00\" \/>\n<meta property=\"og:image\" content=\"https:\/\/bwh-cdn.neen.dev\/wp-content\/uploads\/sites\/79\/2024\/10\/senior2.webp\" \/>\n\t<meta property=\"og:image:width\" content=\"1920\" \/>\n\t<meta property=\"og:image:height\" content=\"1280\" \/>\n\t<meta property=\"og:image:type\" content=\"image\/webp\" \/>\n<meta name=\"twitter:card\" content=\"summary_large_image\" \/>\n<meta name=\"twitter:label1\" content=\"Tiempo de lectura\" \/>\n\t<meta name=\"twitter:data1\" content=\"2 minutos\" \/>\n<script type=\"application\/ld+json\" class=\"yoast-schema-graph\">{\"@context\":\"https:\\\/\\\/schema.org\",\"@graph\":[{\"@type\":\"WebPage\",\"@id\":\"https:\\\/\\\/www.hoteltritonevenice.com\\\/es\\\/servicios\\\/silver-hotel\\\/\",\"url\":\"https:\\\/\\\/www.hoteltritonevenice.com\\\/es\\\/servicios\\\/silver-hotel\\\/\",\"name\":\"Viajeros mayores Venecia - Servicios Hotel Tritone m\u00e1s 65 a\u00f1os\",\"isPartOf\":{\"@id\":\"https:\\\/\\\/www.hoteltritonevenice.com\\\/es\\\/#website\"},\"primaryImageOfPage\":{\"@id\":\"https:\\\/\\\/www.hoteltritonevenice.com\\\/es\\\/servicios\\\/silver-hotel\\\/#primaryimage\"},\"image\":{\"@id\":\"https:\\\/\\\/www.hoteltritonevenice.com\\\/es\\\/servicios\\\/silver-hotel\\\/#primaryimage\"},\"thumbnailUrl\":\"https:\\\/\\\/www.hoteltritonevenice.com\\\/wp-content\\\/uploads\\\/sites\\\/79\\\/2024\\\/10\\\/senior2.webp\",\"datePublished\":\"2024-10-28T09:51:08+00:00\",\"dateModified\":\"2025-05-26T08:14:13+00:00\",\"description\":\"Numerosos servicios para viajeros mayores en Venecia Mestre en el Hotel Tritone. Confort adaptado a mayores de 65 a\u00f1os y turismo slow. \u00a1Lo descubres!\",\"breadcrumb\":{\"@id\":\"https:\\\/\\\/www.hoteltritonevenice.com\\\/es\\\/servicios\\\/silver-hotel\\\/#breadcrumb\"},\"inLanguage\":\"es\",\"potentialAction\":[{\"@type\":\"ReadAction\",\"target\":[\"https:\\\/\\\/www.hoteltritonevenice.com\\\/es\\\/servicios\\\/silver-hotel\\\/\"]}]},{\"@type\":\"ImageObject\",\"inLanguage\":\"es\",\"@id\":\"https:\\\/\\\/www.hoteltritonevenice.com\\\/es\\\/servicios\\\/silver-hotel\\\/#primaryimage\",\"url\":\"https:\\\/\\\/www.hoteltritonevenice.com\\\/wp-content\\\/uploads\\\/sites\\\/79\\\/2024\\\/10\\\/senior2.webp\",\"contentUrl\":\"https:\\\/\\\/www.hoteltritonevenice.com\\\/wp-content\\\/uploads\\\/sites\\\/79\\\/2024\\\/10\\\/senior2.webp\",\"width\":1920,\"height\":1280,\"caption\":\"Senior Travelers - Hotel Tritone\"},{\"@type\":\"BreadcrumbList\",\"@id\":\"https:\\\/\\\/www.hoteltritonevenice.com\\\/es\\\/servicios\\\/silver-hotel\\\/#breadcrumb\",\"itemListElement\":[{\"@type\":\"ListItem\",\"position\":1,\"name\":\"Home\",\"item\":\"https:\\\/\\\/www.hoteltritonevenice.com\\\/es\\\/home\\\/\"},{\"@type\":\"ListItem\",\"position\":2,\"name\":\"Servicios\",\"item\":\"https:\\\/\\\/www.hoteltritonevenice.com\\\/es\\\/servicios\\\/\"},{\"@type\":\"ListItem\",\"position\":3,\"name\":\"Silver Hotel\"}]},{\"@type\":\"WebSite\",\"@id\":\"https:\\\/\\\/www.hoteltritonevenice.com\\\/es\\\/#website\",\"url\":\"https:\\\/\\\/www.hoteltritonevenice.com\\\/es\\\/\",\"name\":\"98380 Hotel Tritone Venice\",\"description\":\"\",\"publisher\":{\"@id\":\"https:\\\/\\\/www.hoteltritonevenice.com\\\/es\\\/#organization\"},\"potentialAction\":[{\"@type\":\"SearchAction\",\"target\":{\"@type\":\"EntryPoint\",\"urlTemplate\":\"https:\\\/\\\/www.hoteltritonevenice.com\\\/es\\\/?s={search_term_string}\"},\"query-input\":{\"@type\":\"PropertyValueSpecification\",\"valueRequired\":true,\"valueName\":\"search_term_string\"}}],\"inLanguage\":\"es\"},{\"@type\":\"Organization\",\"@id\":\"https:\\\/\\\/www.hoteltritonevenice.com\\\/es\\\/#organization\",\"name\":\"98380 Hotel Tritone Venice\",\"url\":\"https:\\\/\\\/www.hoteltritonevenice.com\\\/es\\\/\",\"logo\":{\"@type\":\"ImageObject\",\"inLanguage\":\"es\",\"@id\":\"https:\\\/\\\/www.hoteltritonevenice.com\\\/es\\\/#\\\/schema\\\/logo\\\/image\\\/\",\"url\":\"https:\\\/\\\/www.hoteltritonevenice.com\\\/wp-content\\\/uploads\\\/sites\\\/79\\\/2024\\\/07\\\/BW-core.png\",\"contentUrl\":\"https:\\\/\\\/www.hoteltritonevenice.com\\\/wp-content\\\/uploads\\\/sites\\\/79\\\/2024\\\/07\\\/BW-core.png\",\"width\":2500,\"height\":916,\"caption\":\"98380 Hotel Tritone Venice\"},\"image\":{\"@id\":\"https:\\\/\\\/www.hoteltritonevenice.com\\\/es\\\/#\\\/schema\\\/logo\\\/image\\\/\"}}]}<\/script>\n<!-- \/ Yoast SEO plugin. -->","yoast_head_json":{"title":"Viajeros mayores Venecia - Servicios Hotel Tritone m\u00e1s 65 a\u00f1os","description":"Numerosos servicios para viajeros mayores en Venecia Mestre en el Hotel Tritone. Confort adaptado a mayores de 65 a\u00f1os y turismo slow. \u00a1Lo descubres!","robots":{"index":"index","follow":"follow","max-snippet":"max-snippet:-1","max-image-preview":"max-image-preview:large","max-video-preview":"max-video-preview:-1"},"canonical":"https:\/\/www.hoteltritonevenice.com\/es\/servicios\/silver-hotel\/","og_locale":"es_ES","og_type":"article","og_title":"Viajeros mayores Venecia - Servicios Hotel Tritone m\u00e1s 65 a\u00f1os","og_description":"Numerosos servicios para viajeros mayores en Venecia Mestre en el Hotel Tritone. Confort adaptado a mayores de 65 a\u00f1os y turismo slow. \u00a1Lo descubres!","og_url":"https:\/\/www.hoteltritonevenice.com\/es\/servicios\/silver-hotel\/","og_site_name":"98380 Hotel Tritone Venice","article_modified_time":"2025-05-26T08:14:13+00:00","og_image":[{"width":1920,"height":1280,"url":"https:\/\/bwh-cdn.neen.dev\/wp-content\/uploads\/sites\/79\/2024\/10\/senior2.webp","type":"image\/webp"}],"twitter_card":"summary_large_image","twitter_misc":{"Tiempo de lectura":"2 minutos"},"schema":{"@context":"https:\/\/schema.org","@graph":[{"@type":"WebPage","@id":"https:\/\/www.hoteltritonevenice.com\/es\/servicios\/silver-hotel\/","url":"https:\/\/www.hoteltritonevenice.com\/es\/servicios\/silver-hotel\/","name":"Viajeros mayores Venecia - Servicios Hotel Tritone m\u00e1s 65 a\u00f1os","isPartOf":{"@id":"https:\/\/www.hoteltritonevenice.com\/es\/#website"},"primaryImageOfPage":{"@id":"https:\/\/www.hoteltritonevenice.com\/es\/servicios\/silver-hotel\/#primaryimage"},"image":{"@id":"https:\/\/www.hoteltritonevenice.com\/es\/servicios\/silver-hotel\/#primaryimage"},"thumbnailUrl":"https:\/\/www.hoteltritonevenice.com\/wp-content\/uploads\/sites\/79\/2024\/10\/senior2.webp","datePublished":"2024-10-28T09:51:08+00:00","dateModified":"2025-05-26T08:14:13+00:00","description":"Numerosos servicios para viajeros mayores en Venecia Mestre en el Hotel Tritone. Confort adaptado a mayores de 65 a\u00f1os y turismo slow. \u00a1Lo descubres!","breadcrumb":{"@id":"https:\/\/www.hoteltritonevenice.com\/es\/servicios\/silver-hotel\/#breadcrumb"},"inLanguage":"es","potentialAction":[{"@type":"ReadAction","target":["https:\/\/www.hoteltritonevenice.com\/es\/servicios\/silver-hotel\/"]}]},{"@type":"ImageObject","inLanguage":"es","@id":"https:\/\/www.hoteltritonevenice.com\/es\/servicios\/silver-hotel\/#primaryimage","url":"https:\/\/www.hoteltritonevenice.com\/wp-content\/uploads\/sites\/79\/2024\/10\/senior2.webp","contentUrl":"https:\/\/www.hoteltritonevenice.com\/wp-content\/uploads\/sites\/79\/2024\/10\/senior2.webp","width":1920,"height":1280,"caption":"Senior Travelers - Hotel Tritone"},{"@type":"BreadcrumbList","@id":"https:\/\/www.hoteltritonevenice.com\/es\/servicios\/silver-hotel\/#breadcrumb","itemListElement":[{"@type":"ListItem","position":1,"name":"Home","item":"https:\/\/www.hoteltritonevenice.com\/es\/home\/"},{"@type":"ListItem","position":2,"name":"Servicios","item":"https:\/\/www.hoteltritonevenice.com\/es\/servicios\/"},{"@type":"ListItem","position":3,"name":"Silver Hotel"}]},{"@type":"WebSite","@id":"https:\/\/www.hoteltritonevenice.com\/es\/#website","url":"https:\/\/www.hoteltritonevenice.com\/es\/","name":"98380 Hotel Tritone Venice","description":"","publisher":{"@id":"https:\/\/www.hoteltritonevenice.com\/es\/#organization"},"potentialAction":[{"@type":"SearchAction","target":{"@type":"EntryPoint","urlTemplate":"https:\/\/www.hoteltritonevenice.com\/es\/?s={search_term_string}"},"query-input":{"@type":"PropertyValueSpecification","valueRequired":true,"valueName":"search_term_string"}}],"inLanguage":"es"},{"@type":"Organization","@id":"https:\/\/www.hoteltritonevenice.com\/es\/#organization","name":"98380 Hotel Tritone Venice","url":"https:\/\/www.hoteltritonevenice.com\/es\/","logo":{"@type":"ImageObject","inLanguage":"es","@id":"https:\/\/www.hoteltritonevenice.com\/es\/#\/schema\/logo\/image\/","url":"https:\/\/www.hoteltritonevenice.com\/wp-content\/uploads\/sites\/79\/2024\/07\/BW-core.png","contentUrl":"https:\/\/www.hoteltritonevenice.com\/wp-content\/uploads\/sites\/79\/2024\/07\/BW-core.png","width":2500,"height":916,"caption":"98380 Hotel Tritone Venice"},"image":{"@id":"https:\/\/www.hoteltritonevenice.com\/es\/#\/schema\/logo\/image\/"}}]}},"_links":{"self":[{"href":"https:\/\/www.hoteltritonevenice.com\/es\/wp-json\/wp\/v2\/pages\/4420","targetHints":{"allow":["GET"]}}],"collection":[{"href":"https:\/\/www.hoteltritonevenice.com\/es\/wp-json\/wp\/v2\/pages"}],"about":[{"href":"https:\/\/www.hoteltritonevenice.com\/es\/wp-json\/wp\/v2\/types\/page"}],"author":[{"embeddable":true,"href":"https:\/\/www.hoteltritonevenice.com\/es\/wp-json\/wp\/v2\/users\/6"}],"replies":[{"embeddable":true,"href":"https:\/\/www.hoteltritonevenice.com\/es\/wp-json\/wp\/v2\/comments?post=4420"}],"version-history":[{"count":3,"href":"https:\/\/www.hoteltritonevenice.com\/es\/wp-json\/wp\/v2\/pages\/4420\/revisions"}],"predecessor-version":[{"id":5993,"href":"https:\/\/www.hoteltritonevenice.com\/es\/wp-json\/wp\/v2\/pages\/4420\/revisions\/5993"}],"up":[{"embeddable":true,"href":"https:\/\/www.hoteltritonevenice.com\/es\/wp-json\/wp\/v2\/pages\/3912"}],"wp:featuredmedia":[{"embeddable":true,"href":"https:\/\/www.hoteltritonevenice.com\/es\/wp-json\/wp\/v2\/media\/4386"}],"wp:attachment":[{"href":"https:\/\/www.hoteltritonevenice.com\/es\/wp-json\/wp\/v2\/media?parent=4420"}],"curies":[{"name":"wp","href":"https:\/\/api.w.org\/{rel}","templated":true}]}}