{"id":4302,"date":"2024-10-28T10:43:57","date_gmt":"2024-10-28T09:43:57","guid":{"rendered":"https:\/\/98380-tritone.tempwebsite.it\/services\/hotel-accessible\/"},"modified":"2024-12-05T10:20:12","modified_gmt":"2024-12-05T09:20:12","slug":"hotel-accessible","status":"publish","type":"page","link":"https:\/\/www.hoteltritonevenice.com\/fr\/services\/hotel-accessible\/","title":{"rendered":"H\u00f4tel Accessible"},"content":{"rendered":"\t\t<div data-elementor-type=\"wp-page\" data-elementor-id=\"4302\" class=\"elementor elementor-4302 elementor-2503\" data-elementor-post-type=\"page\">\n\t\t\t\t<div class=\"elementor-element elementor-element-11ef1cf e-flex e-con-boxed e-con e-parent\" data-id=\"11ef1cf\" data-element_type=\"container\" data-e-type=\"container\" data-settings=\"{&quot;background_background&quot;:&quot;classic&quot;,&quot;shape_divider_bottom&quot;:&quot;curve&quot;}\">\n\t\t\t\t\t<div class=\"e-con-inner\">\n\t\t\t\t<div class=\"elementor-shape elementor-shape-bottom\" aria-hidden=\"true\" data-negative=\"false\">\n\t\t\t<svg xmlns=\"http:\/\/www.w3.org\/2000\/svg\" viewBox=\"0 0 1000 100\" preserveAspectRatio=\"none\">\n    <path class=\"elementor-shape-fill\" d=\"M1000,4.3V0H0v4.3C0.9,23.1,126.7,99.2,500,100S1000,22.7,1000,4.3z\"\/>\n<\/svg>\t\t<\/div>\n\t\t\t\t\t<\/div>\n\t\t\t\t<\/div>\n\t\t<div class=\"elementor-element elementor-element-71f9376 e-flex e-con-boxed e-con e-parent\" data-id=\"71f9376\" data-element_type=\"container\" data-e-type=\"container\">\n\t\t\t\t\t<div class=\"e-con-inner\">\n\t\t\t\t<div class=\"elementor-element elementor-element-52418c6 elementor-widget elementor-widget-heading\" data-id=\"52418c6\" data-element_type=\"widget\" data-e-type=\"widget\" data-widget_type=\"heading.default\">\n\t\t\t\t<div class=\"elementor-widget-container\">\n\t\t\t\t\t<h1 class=\"elementor-heading-title elementor-size-default\">H\u00f4tel Accessible<\/h1>\t\t\t\t<\/div>\n\t\t\t\t<\/div>\n\t\t\t\t<div class=\"elementor-element elementor-element-f3e288d elementor-widget elementor-widget-heading\" data-id=\"f3e288d\" data-element_type=\"widget\" data-e-type=\"widget\" data-widget_type=\"heading.default\">\n\t\t\t\t<div class=\"elementor-widget-container\">\n\t\t\t\t\t<span class=\"elementor-heading-title elementor-size-default\">Toutes nos attentions pour votre s\u00e9jour accessible \u00e0 Venise!<\/span>\t\t\t\t<\/div>\n\t\t\t\t<\/div>\n\t\t\t\t<div class=\"elementor-element elementor-element-1f483b4 elementor-widget-divider--view-line elementor-widget elementor-widget-divider\" data-id=\"1f483b4\" data-element_type=\"widget\" data-e-type=\"widget\" data-widget_type=\"divider.default\">\n\t\t\t\t<div class=\"elementor-widget-container\">\n\t\t\t\t\t\t\t<div class=\"elementor-divider\">\n\t\t\t<span class=\"elementor-divider-separator\">\n\t\t\t\t\t\t<\/span>\n\t\t<\/div>\n\t\t\t\t\t\t<\/div>\n\t\t\t\t<\/div>\n\t\t\t\t<div class=\"elementor-element elementor-element-0005fb3 elementor-widget elementor-widget-text-editor\" data-id=\"0005fb3\" data-element_type=\"widget\" data-e-type=\"widget\" data-widget_type=\"text-editor.default\">\n\t\t\t\t<div class=\"elementor-widget-container\">\n\t\t\t\t\t\t\t\t\t<p>Rendre le s\u00e9jour confortable et simplifier l\u2019acc\u00e8s \u00e0 l&rsquo;\u00e9tablissement \u00e0 tous nos clients est notre objectif quotidien. C&rsquo;est pourquoi nous mettons \u00e0 disposition des<strong> services d\u00e9di\u00e9s et des proc\u00e9dures inclusives pour accueillir tout le monde<\/strong>. <\/p>\n<p>Si vous pr\u00e9voyez des vacances <strong>\u00e0 Venise<\/strong> et que vous cherchez un <strong>h\u00f4tel accessible et prenant en compte les besoins sp\u00e9ciaux<\/strong>, choisissez l&rsquo;<strong>Hotel Tritone<\/strong>: notre confortable h\u00f4tel 4 \u00e9toiles est en mesure de vous accueillir au mieux et de vous faire vivre un s\u00e9jour dans le confort et la s\u00e9curit\u00e9.<\/p>\n\t\t\t\t\t\t\t\t<\/div>\n\t\t\t\t<\/div>\n\t\t\t\t\t<\/div>\n\t\t\t\t<\/div>\n\t\t<div class=\"elementor-element elementor-element-d66f21e e-flex e-con-boxed e-con e-parent\" data-id=\"d66f21e\" data-element_type=\"container\" data-e-type=\"container\" data-settings=\"{&quot;animation_mobile&quot;:&quot;none&quot;}\">\n\t\t\t\t\t<div class=\"e-con-inner\">\n\t\t<div class=\"elementor-element elementor-element-0d6fd29 e-con-full e-flex elementor-invisible e-con e-child\" data-id=\"0d6fd29\" data-element_type=\"container\" data-e-type=\"container\" data-settings=\"{&quot;motion_fx_motion_fx_scrolling&quot;:&quot;yes&quot;,&quot;animation&quot;:&quot;fadeInLeft&quot;,&quot;animation_mobile&quot;:&quot;fadeIn&quot;,&quot;background_background&quot;:&quot;classic&quot;,&quot;motion_fx_devices&quot;:[&quot;desktop&quot;,&quot;tablet&quot;,&quot;mobile&quot;]}\">\n\t\t<div class=\"elementor-element elementor-element-957ffad e-con-full e-flex e-con e-child\" data-id=\"957ffad\" data-element_type=\"container\" data-e-type=\"container\" data-settings=\"{&quot;animation_mobile&quot;:&quot;none&quot;}\">\n\t\t\t\t<div class=\"elementor-element elementor-element-a33a400 elementor-widget elementor-widget-heading\" data-id=\"a33a400\" data-element_type=\"widget\" data-e-type=\"widget\" data-settings=\"{&quot;_animation_mobile&quot;:&quot;none&quot;}\" data-widget_type=\"heading.default\">\n\t\t\t\t<div class=\"elementor-widget-container\">\n\t\t\t\t\t<h2 class=\"elementor-heading-title elementor-size-default\">Notre engagement<\/h2>\t\t\t\t<\/div>\n\t\t\t\t<\/div>\n\t\t\t\t<div class=\"elementor-element elementor-element-3c77674 elementor-widget elementor-widget-text-editor\" data-id=\"3c77674\" data-element_type=\"widget\" data-e-type=\"widget\" data-settings=\"{&quot;_animation_mobile&quot;:&quot;none&quot;}\" data-widget_type=\"text-editor.default\">\n\t\t\t\t<div class=\"elementor-widget-container\">\n\t\t\t\t\t\t\t\t\t<p>Gr\u00e2ce \u00e0 <strong>Cityfriend<\/strong>, professionnels du tourisme accessible, nous avons identifi\u00e9 <strong>les chambres id\u00e9ales<\/strong>, analys\u00e9 nos espaces communs et pr\u00e9par\u00e9 une <strong>fiche d\u2019information<\/strong> pour vous permettre de conna\u00eetre le plus possible l\u2019h\u00f4tel avant votre s\u00e9jour.<\/p>\n<p><strong>Consultez ou t\u00e9l\u00e9chargez<\/strong> notre <strong>vitrine technique,<\/strong> avec <strong>toutes les informations utiles pour votre s\u00e9jour<\/strong>: parking, espaces communs, toilettes, zones de restauration et d\u00e9tails sur les chambres et salles de bains. Vous pourrez ainsi conna\u00eetre \u00e0 l\u2019avance toutes les informations logistiques de l\u2019h\u00f4tel et les services disponibles. <\/p>\n\t\t\t\t\t\t\t\t<\/div>\n\t\t\t\t<\/div>\n\t\t\t\t<div class=\"elementor-element elementor-element-d9f442e elementor-mobile-align-center elementor-widget-mobile__width-inherit elementor-tablet-align-center elementor-invisible elementor-widget elementor-widget-button\" data-id=\"d9f442e\" data-element_type=\"widget\" data-e-type=\"widget\" data-settings=\"{&quot;_animation&quot;:&quot;fadeIn&quot;,&quot;_animation_mobile&quot;:&quot;none&quot;}\" data-widget_type=\"button.default\">\n\t\t\t\t<div class=\"elementor-widget-container\">\n\t\t\t\t\t\t\t\t\t<div class=\"elementor-button-wrapper\">\n\t\t\t\t\t<a class=\"elementor-button elementor-button-link elementor-size-sm\" href=\"\/wp-content\/uploads\/sites\/79\/2024\/11\/98380-eng.pdf\" target=\"_blank\">\n\t\t\t\t\t\t<span class=\"elementor-button-content-wrapper\">\n\t\t\t\t\t\t\t\t\t<span class=\"elementor-button-text\">T\u00e9l\u00e9chargez la vitrine technique<\/span>\n\t\t\t\t\t<\/span>\n\t\t\t\t\t<\/a>\n\t\t\t\t<\/div>\n\t\t\t\t\t\t\t\t<\/div>\n\t\t\t\t<\/div>\n\t\t\t\t<\/div>\n\t\t\t\t<\/div>\n\t\t<div class=\"elementor-element elementor-element-75120eb e-con-full e-flex elementor-invisible e-con e-child\" data-id=\"75120eb\" data-element_type=\"container\" data-e-type=\"container\" data-settings=\"{&quot;background_background&quot;:&quot;classic&quot;,&quot;animation&quot;:&quot;fadeInRight&quot;,&quot;animation_mobile&quot;:&quot;none&quot;}\">\n\t\t\t\t<div class=\"elementor-element elementor-element-cc7fb17 elementor-widget elementor-widget-heading\" data-id=\"cc7fb17\" data-element_type=\"widget\" data-e-type=\"widget\" data-widget_type=\"heading.default\">\n\t\t\t\t<div class=\"elementor-widget-container\">\n\t\t\t\t\t<h3 class=\"elementor-heading-title elementor-size-default\">Comment r\u00e9server une chambre<\/h3>\t\t\t\t<\/div>\n\t\t\t\t<\/div>\n\t\t\t\t<div class=\"elementor-element elementor-element-400c690 elementor-widget-tablet__width-initial elementor-widget-mobile__width-inherit elementor-widget elementor-widget-text-editor\" data-id=\"400c690\" data-element_type=\"widget\" data-e-type=\"widget\" data-widget_type=\"text-editor.default\">\n\t\t\t\t<div class=\"elementor-widget-container\">\n\t\t\t\t\t\t\t\t\t<p><strong>Pour r\u00e9server<\/strong> une chambre, <a href=\"mailto:info@hoteltritonevenice.com\">contactez-nous<\/a> en pr\u00e9cisant vos besoins ou, au moment de la r\u00e9servation en ligne, indiquez vos demandes dans le champ \u00ab Notes \u00bb.<\/p>\n<p>Dans tous les cas, <strong>n\u2019h\u00e9sitez pas \u00e0 nous contacter<\/strong>, nous sommes \u00e0 votre enti\u00e8re disposition!<\/p>\n\t\t\t\t\t\t\t\t<\/div>\n\t\t\t\t<\/div>\n\t\t\t\t<\/div>\n\t\t\t\t\t<\/div>\n\t\t\t\t<\/div>\n\t\t\t\t<\/div>\n\t\t","protected":false},"excerpt":{"rendered":"<p>H\u00f4tel Accessible Toutes nos attentions pour votre s\u00e9jour accessible \u00e0 Venise! Rendre le s\u00e9jour confortable et simplifier l\u2019acc\u00e8s \u00e0 l&rsquo;\u00e9tablissement \u00e0 tous nos clients est notre objectif quotidien. C&rsquo;est pourquoi nous mettons \u00e0 disposition des services d\u00e9di\u00e9s et des proc\u00e9dures inclusives pour accueillir tout le monde. Si vous pr\u00e9voyez des vacances \u00e0 Venise et que [&hellip;]<\/p>\n","protected":false},"author":6,"featured_media":3713,"parent":3709,"menu_order":0,"comment_status":"closed","ping_status":"closed","template":"","meta":{"footnotes":""},"class_list":["post-4302","page","type-page","status-publish","has-post-thumbnail","hentry"],"yoast_head":"<!-- This site is optimized with the Yoast SEO plugin v27.3 - https:\/\/yoast.com\/product\/yoast-seo-wordpress\/ -->\n<title>H\u00f4tel accessible \u00e0 Venise Mestre - H\u00f4tel 4 \u00e9toiles Tritone<\/title>\n<meta name=\"description\" content=\"Vous organisez un s\u00e9jour \u00e0 Venise et recherchez un h\u00f4tel accessible? Choisissez les espaces, les services et le confort de l&#039;H\u00f4tel Tritone Mestre!\" \/>\n<meta name=\"robots\" content=\"index, follow, max-snippet:-1, max-image-preview:large, max-video-preview:-1\" \/>\n<link rel=\"canonical\" href=\"https:\/\/www.hoteltritonevenice.com\/fr\/services\/hotel-accessible\/\" \/>\n<meta property=\"og:locale\" content=\"fr_FR\" \/>\n<meta property=\"og:type\" content=\"article\" \/>\n<meta property=\"og:title\" content=\"H\u00f4tel accessible \u00e0 Venise Mestre - H\u00f4tel 4 \u00e9toiles Tritone\" \/>\n<meta property=\"og:description\" content=\"Vous organisez un s\u00e9jour \u00e0 Venise et recherchez un h\u00f4tel accessible? Choisissez les espaces, les services et le confort de l&#039;H\u00f4tel Tritone Mestre!\" \/>\n<meta property=\"og:url\" content=\"https:\/\/www.hoteltritonevenice.com\/fr\/services\/hotel-accessible\/\" \/>\n<meta property=\"og:site_name\" content=\"98380 Hotel Tritone Venice\" \/>\n<meta property=\"article:modified_time\" content=\"2024-12-05T09:20:12+00:00\" \/>\n<meta property=\"og:image\" content=\"https:\/\/bwh-cdn.neen.dev\/wp-content\/uploads\/sites\/79\/2024\/10\/hotel-accessibile.webp\" \/>\n\t<meta property=\"og:image:width\" content=\"1920\" \/>\n\t<meta property=\"og:image:height\" content=\"800\" \/>\n\t<meta property=\"og:image:type\" content=\"image\/webp\" \/>\n<meta name=\"twitter:card\" content=\"summary_large_image\" \/>\n<meta name=\"twitter:label1\" content=\"Dur\u00e9e de lecture estim\u00e9e\" \/>\n\t<meta name=\"twitter:data1\" content=\"2 minutes\" \/>\n<script type=\"application\/ld+json\" class=\"yoast-schema-graph\">{\"@context\":\"https:\\\/\\\/schema.org\",\"@graph\":[{\"@type\":\"WebPage\",\"@id\":\"https:\\\/\\\/www.hoteltritonevenice.com\\\/fr\\\/services\\\/hotel-accessible\\\/\",\"url\":\"https:\\\/\\\/www.hoteltritonevenice.com\\\/fr\\\/services\\\/hotel-accessible\\\/\",\"name\":\"H\u00f4tel accessible \u00e0 Venise Mestre - H\u00f4tel 4 \u00e9toiles Tritone\",\"isPartOf\":{\"@id\":\"https:\\\/\\\/www.hoteltritonevenice.com\\\/fr\\\/#website\"},\"primaryImageOfPage\":{\"@id\":\"https:\\\/\\\/www.hoteltritonevenice.com\\\/fr\\\/services\\\/hotel-accessible\\\/#primaryimage\"},\"image\":{\"@id\":\"https:\\\/\\\/www.hoteltritonevenice.com\\\/fr\\\/services\\\/hotel-accessible\\\/#primaryimage\"},\"thumbnailUrl\":\"https:\\\/\\\/www.hoteltritonevenice.com\\\/wp-content\\\/uploads\\\/sites\\\/79\\\/2024\\\/10\\\/hotel-accessibile.webp\",\"datePublished\":\"2024-10-28T09:43:57+00:00\",\"dateModified\":\"2024-12-05T09:20:12+00:00\",\"description\":\"Vous organisez un s\u00e9jour \u00e0 Venise et recherchez un h\u00f4tel accessible? Choisissez les espaces, les services et le confort de l'H\u00f4tel Tritone Mestre!\",\"breadcrumb\":{\"@id\":\"https:\\\/\\\/www.hoteltritonevenice.com\\\/fr\\\/services\\\/hotel-accessible\\\/#breadcrumb\"},\"inLanguage\":\"fr-FR\",\"potentialAction\":[{\"@type\":\"ReadAction\",\"target\":[\"https:\\\/\\\/www.hoteltritonevenice.com\\\/fr\\\/services\\\/hotel-accessible\\\/\"]}]},{\"@type\":\"ImageObject\",\"inLanguage\":\"fr-FR\",\"@id\":\"https:\\\/\\\/www.hoteltritonevenice.com\\\/fr\\\/services\\\/hotel-accessible\\\/#primaryimage\",\"url\":\"https:\\\/\\\/www.hoteltritonevenice.com\\\/wp-content\\\/uploads\\\/sites\\\/79\\\/2024\\\/10\\\/hotel-accessibile.webp\",\"contentUrl\":\"https:\\\/\\\/www.hoteltritonevenice.com\\\/wp-content\\\/uploads\\\/sites\\\/79\\\/2024\\\/10\\\/hotel-accessibile.webp\",\"width\":1920,\"height\":800,\"caption\":\"Accessible Hotel - Hotel Tritone Venice Mestre\"},{\"@type\":\"BreadcrumbList\",\"@id\":\"https:\\\/\\\/www.hoteltritonevenice.com\\\/fr\\\/services\\\/hotel-accessible\\\/#breadcrumb\",\"itemListElement\":[{\"@type\":\"ListItem\",\"position\":1,\"name\":\"Home\",\"item\":\"https:\\\/\\\/www.hoteltritonevenice.com\\\/fr\\\/home\\\/\"},{\"@type\":\"ListItem\",\"position\":2,\"name\":\"Services\",\"item\":\"https:\\\/\\\/www.hoteltritonevenice.com\\\/fr\\\/services\\\/\"},{\"@type\":\"ListItem\",\"position\":3,\"name\":\"H\u00f4tel Accessible\"}]},{\"@type\":\"WebSite\",\"@id\":\"https:\\\/\\\/www.hoteltritonevenice.com\\\/fr\\\/#website\",\"url\":\"https:\\\/\\\/www.hoteltritonevenice.com\\\/fr\\\/\",\"name\":\"98380 Hotel Tritone Venice\",\"description\":\"\",\"publisher\":{\"@id\":\"https:\\\/\\\/www.hoteltritonevenice.com\\\/fr\\\/#organization\"},\"potentialAction\":[{\"@type\":\"SearchAction\",\"target\":{\"@type\":\"EntryPoint\",\"urlTemplate\":\"https:\\\/\\\/www.hoteltritonevenice.com\\\/fr\\\/?s={search_term_string}\"},\"query-input\":{\"@type\":\"PropertyValueSpecification\",\"valueRequired\":true,\"valueName\":\"search_term_string\"}}],\"inLanguage\":\"fr-FR\"},{\"@type\":\"Organization\",\"@id\":\"https:\\\/\\\/www.hoteltritonevenice.com\\\/fr\\\/#organization\",\"name\":\"98380 Hotel Tritone Venice\",\"url\":\"https:\\\/\\\/www.hoteltritonevenice.com\\\/fr\\\/\",\"logo\":{\"@type\":\"ImageObject\",\"inLanguage\":\"fr-FR\",\"@id\":\"https:\\\/\\\/www.hoteltritonevenice.com\\\/fr\\\/#\\\/schema\\\/logo\\\/image\\\/\",\"url\":\"https:\\\/\\\/www.hoteltritonevenice.com\\\/wp-content\\\/uploads\\\/sites\\\/79\\\/2024\\\/07\\\/BW-core.png\",\"contentUrl\":\"https:\\\/\\\/www.hoteltritonevenice.com\\\/wp-content\\\/uploads\\\/sites\\\/79\\\/2024\\\/07\\\/BW-core.png\",\"width\":2500,\"height\":916,\"caption\":\"98380 Hotel Tritone Venice\"},\"image\":{\"@id\":\"https:\\\/\\\/www.hoteltritonevenice.com\\\/fr\\\/#\\\/schema\\\/logo\\\/image\\\/\"}}]}<\/script>\n<!-- \/ Yoast SEO plugin. -->","yoast_head_json":{"title":"H\u00f4tel accessible \u00e0 Venise Mestre - H\u00f4tel 4 \u00e9toiles Tritone","description":"Vous organisez un s\u00e9jour \u00e0 Venise et recherchez un h\u00f4tel accessible? Choisissez les espaces, les services et le confort de l'H\u00f4tel Tritone Mestre!","robots":{"index":"index","follow":"follow","max-snippet":"max-snippet:-1","max-image-preview":"max-image-preview:large","max-video-preview":"max-video-preview:-1"},"canonical":"https:\/\/www.hoteltritonevenice.com\/fr\/services\/hotel-accessible\/","og_locale":"fr_FR","og_type":"article","og_title":"H\u00f4tel accessible \u00e0 Venise Mestre - H\u00f4tel 4 \u00e9toiles Tritone","og_description":"Vous organisez un s\u00e9jour \u00e0 Venise et recherchez un h\u00f4tel accessible? Choisissez les espaces, les services et le confort de l'H\u00f4tel Tritone Mestre!","og_url":"https:\/\/www.hoteltritonevenice.com\/fr\/services\/hotel-accessible\/","og_site_name":"98380 Hotel Tritone Venice","article_modified_time":"2024-12-05T09:20:12+00:00","og_image":[{"width":1920,"height":800,"url":"https:\/\/bwh-cdn.neen.dev\/wp-content\/uploads\/sites\/79\/2024\/10\/hotel-accessibile.webp","type":"image\/webp"}],"twitter_card":"summary_large_image","twitter_misc":{"Dur\u00e9e de lecture estim\u00e9e":"2 minutes"},"schema":{"@context":"https:\/\/schema.org","@graph":[{"@type":"WebPage","@id":"https:\/\/www.hoteltritonevenice.com\/fr\/services\/hotel-accessible\/","url":"https:\/\/www.hoteltritonevenice.com\/fr\/services\/hotel-accessible\/","name":"H\u00f4tel accessible \u00e0 Venise Mestre - H\u00f4tel 4 \u00e9toiles Tritone","isPartOf":{"@id":"https:\/\/www.hoteltritonevenice.com\/fr\/#website"},"primaryImageOfPage":{"@id":"https:\/\/www.hoteltritonevenice.com\/fr\/services\/hotel-accessible\/#primaryimage"},"image":{"@id":"https:\/\/www.hoteltritonevenice.com\/fr\/services\/hotel-accessible\/#primaryimage"},"thumbnailUrl":"https:\/\/www.hoteltritonevenice.com\/wp-content\/uploads\/sites\/79\/2024\/10\/hotel-accessibile.webp","datePublished":"2024-10-28T09:43:57+00:00","dateModified":"2024-12-05T09:20:12+00:00","description":"Vous organisez un s\u00e9jour \u00e0 Venise et recherchez un h\u00f4tel accessible? Choisissez les espaces, les services et le confort de l'H\u00f4tel Tritone Mestre!","breadcrumb":{"@id":"https:\/\/www.hoteltritonevenice.com\/fr\/services\/hotel-accessible\/#breadcrumb"},"inLanguage":"fr-FR","potentialAction":[{"@type":"ReadAction","target":["https:\/\/www.hoteltritonevenice.com\/fr\/services\/hotel-accessible\/"]}]},{"@type":"ImageObject","inLanguage":"fr-FR","@id":"https:\/\/www.hoteltritonevenice.com\/fr\/services\/hotel-accessible\/#primaryimage","url":"https:\/\/www.hoteltritonevenice.com\/wp-content\/uploads\/sites\/79\/2024\/10\/hotel-accessibile.webp","contentUrl":"https:\/\/www.hoteltritonevenice.com\/wp-content\/uploads\/sites\/79\/2024\/10\/hotel-accessibile.webp","width":1920,"height":800,"caption":"Accessible Hotel - Hotel Tritone Venice Mestre"},{"@type":"BreadcrumbList","@id":"https:\/\/www.hoteltritonevenice.com\/fr\/services\/hotel-accessible\/#breadcrumb","itemListElement":[{"@type":"ListItem","position":1,"name":"Home","item":"https:\/\/www.hoteltritonevenice.com\/fr\/home\/"},{"@type":"ListItem","position":2,"name":"Services","item":"https:\/\/www.hoteltritonevenice.com\/fr\/services\/"},{"@type":"ListItem","position":3,"name":"H\u00f4tel Accessible"}]},{"@type":"WebSite","@id":"https:\/\/www.hoteltritonevenice.com\/fr\/#website","url":"https:\/\/www.hoteltritonevenice.com\/fr\/","name":"98380 Hotel Tritone Venice","description":"","publisher":{"@id":"https:\/\/www.hoteltritonevenice.com\/fr\/#organization"},"potentialAction":[{"@type":"SearchAction","target":{"@type":"EntryPoint","urlTemplate":"https:\/\/www.hoteltritonevenice.com\/fr\/?s={search_term_string}"},"query-input":{"@type":"PropertyValueSpecification","valueRequired":true,"valueName":"search_term_string"}}],"inLanguage":"fr-FR"},{"@type":"Organization","@id":"https:\/\/www.hoteltritonevenice.com\/fr\/#organization","name":"98380 Hotel Tritone Venice","url":"https:\/\/www.hoteltritonevenice.com\/fr\/","logo":{"@type":"ImageObject","inLanguage":"fr-FR","@id":"https:\/\/www.hoteltritonevenice.com\/fr\/#\/schema\/logo\/image\/","url":"https:\/\/www.hoteltritonevenice.com\/wp-content\/uploads\/sites\/79\/2024\/07\/BW-core.png","contentUrl":"https:\/\/www.hoteltritonevenice.com\/wp-content\/uploads\/sites\/79\/2024\/07\/BW-core.png","width":2500,"height":916,"caption":"98380 Hotel Tritone Venice"},"image":{"@id":"https:\/\/www.hoteltritonevenice.com\/fr\/#\/schema\/logo\/image\/"}}]}},"_links":{"self":[{"href":"https:\/\/www.hoteltritonevenice.com\/fr\/wp-json\/wp\/v2\/pages\/4302","targetHints":{"allow":["GET"]}}],"collection":[{"href":"https:\/\/www.hoteltritonevenice.com\/fr\/wp-json\/wp\/v2\/pages"}],"about":[{"href":"https:\/\/www.hoteltritonevenice.com\/fr\/wp-json\/wp\/v2\/types\/page"}],"author":[{"embeddable":true,"href":"https:\/\/www.hoteltritonevenice.com\/fr\/wp-json\/wp\/v2\/users\/6"}],"replies":[{"embeddable":true,"href":"https:\/\/www.hoteltritonevenice.com\/fr\/wp-json\/wp\/v2\/comments?post=4302"}],"version-history":[{"count":0,"href":"https:\/\/www.hoteltritonevenice.com\/fr\/wp-json\/wp\/v2\/pages\/4302\/revisions"}],"up":[{"embeddable":true,"href":"https:\/\/www.hoteltritonevenice.com\/fr\/wp-json\/wp\/v2\/pages\/3709"}],"wp:featuredmedia":[{"embeddable":true,"href":"https:\/\/www.hoteltritonevenice.com\/fr\/wp-json\/wp\/v2\/media\/3713"}],"wp:attachment":[{"href":"https:\/\/www.hoteltritonevenice.com\/fr\/wp-json\/wp\/v2\/media?parent=4302"}],"curies":[{"name":"wp","href":"https:\/\/api.w.org\/{rel}","templated":true}]}}