{"id":4315,"date":"2024-10-28T10:51:08","date_gmt":"2024-10-28T09:51:08","guid":{"rendered":"https:\/\/98380-tritone.tempwebsite.it\/services\/silver-hotel\/"},"modified":"2025-05-26T10:15:21","modified_gmt":"2025-05-26T08:15:21","slug":"silver-hotel","status":"publish","type":"page","link":"https:\/\/www.hoteltritonevenice.com\/fr\/services\/silver-hotel\/","title":{"rendered":"Silver H\u00f4tel"},"content":{"rendered":"\t\t<div data-elementor-type=\"wp-page\" data-elementor-id=\"4315\" class=\"elementor elementor-4315 elementor-2520\" data-elementor-post-type=\"page\">\n\t\t\t\t<div class=\"elementor-element elementor-element-11ef1cf e-flex e-con-boxed e-con e-parent\" data-id=\"11ef1cf\" data-element_type=\"container\" data-e-type=\"container\" data-settings=\"{&quot;background_background&quot;:&quot;classic&quot;,&quot;shape_divider_bottom&quot;:&quot;curve&quot;}\">\n\t\t\t\t\t<div class=\"e-con-inner\">\n\t\t\t\t<div class=\"elementor-shape elementor-shape-bottom\" aria-hidden=\"true\" data-negative=\"false\">\n\t\t\t<svg xmlns=\"http:\/\/www.w3.org\/2000\/svg\" viewBox=\"0 0 1000 100\" preserveAspectRatio=\"none\">\n    <path class=\"elementor-shape-fill\" d=\"M1000,4.3V0H0v4.3C0.9,23.1,126.7,99.2,500,100S1000,22.7,1000,4.3z\"\/>\n<\/svg>\t\t<\/div>\n\t\t\t\t\t<\/div>\n\t\t\t\t<\/div>\n\t\t<div class=\"elementor-element elementor-element-71f9376 e-flex e-con-boxed e-con e-parent\" data-id=\"71f9376\" data-element_type=\"container\" data-e-type=\"container\">\n\t\t\t\t\t<div class=\"e-con-inner\">\n\t\t\t\t<div class=\"elementor-element elementor-element-52418c6 elementor-widget elementor-widget-heading\" data-id=\"52418c6\" data-element_type=\"widget\" data-e-type=\"widget\" data-widget_type=\"heading.default\">\n\t\t\t\t<div class=\"elementor-widget-container\">\n\t\t\t\t\t<h1 class=\"elementor-heading-title elementor-size-default\">Silver Hotel<\/h1>\t\t\t\t<\/div>\n\t\t\t\t<\/div>\n\t\t\t\t<div class=\"elementor-element elementor-element-f3e288d elementor-widget elementor-widget-heading\" data-id=\"f3e288d\" data-element_type=\"widget\" data-e-type=\"widget\" data-widget_type=\"heading.default\">\n\t\t\t\t<div class=\"elementor-widget-container\">\n\t\t\t\t\t<span class=\"elementor-heading-title elementor-size-default\">Plein d\u2019attentions pour les voyageurs de plus de 65 ans<\/span>\t\t\t\t<\/div>\n\t\t\t\t<\/div>\n\t\t\t\t<div class=\"elementor-element elementor-element-1f483b4 elementor-widget-divider--view-line elementor-widget elementor-widget-divider\" data-id=\"1f483b4\" data-element_type=\"widget\" data-e-type=\"widget\" data-widget_type=\"divider.default\">\n\t\t\t\t<div class=\"elementor-widget-container\">\n\t\t\t\t\t\t\t<div class=\"elementor-divider\">\n\t\t\t<span class=\"elementor-divider-separator\">\n\t\t\t\t\t\t<\/span>\n\t\t<\/div>\n\t\t\t\t\t\t<\/div>\n\t\t\t\t<\/div>\n\t\t\t\t<div class=\"elementor-element elementor-element-0005fb3 elementor-widget elementor-widget-text-editor\" data-id=\"0005fb3\" data-element_type=\"widget\" data-e-type=\"widget\" data-widget_type=\"text-editor.default\">\n\t\t\t\t<div class=\"elementor-widget-container\">\n\t\t\t\t\t\t\t\t\t<p>\u00c0 l\u2019H\u00f4tel Tritone, nous offrons <strong>plein d\u2019attentions<\/strong> con\u00e7ues pour <strong>les voyageurs de plus de 65 ans <\/strong>qui veulent d\u00e9couvrir les tr\u00e9sors de Venise dans un confort total. Nos clients ont \u00e0 leur disposition des <strong>services gratuits <\/strong>disponibles \u00e0 l\u2019h\u00f4tel et un<strong> forfait <\/strong>pour personnaliser au mieux leur s\u00e9jour. <\/p>\t\t\t\t\t\t\t\t<\/div>\n\t\t\t\t<\/div>\n\t\t\t\t\t<\/div>\n\t\t\t\t<\/div>\n\t\t<div class=\"elementor-element elementor-element-d66f21e e-flex e-con-boxed e-con e-parent\" data-id=\"d66f21e\" data-element_type=\"container\" data-e-type=\"container\">\n\t\t\t\t\t<div class=\"e-con-inner\">\n\t\t<div class=\"elementor-element elementor-element-0d6fd29 e-con-full e-flex elementor-invisible e-con e-child\" data-id=\"0d6fd29\" data-element_type=\"container\" data-e-type=\"container\" data-settings=\"{&quot;motion_fx_motion_fx_scrolling&quot;:&quot;yes&quot;,&quot;animation&quot;:&quot;fadeInLeft&quot;,&quot;animation_mobile&quot;:&quot;fadeIn&quot;,&quot;background_background&quot;:&quot;classic&quot;,&quot;motion_fx_devices&quot;:[&quot;desktop&quot;,&quot;tablet&quot;,&quot;mobile&quot;]}\">\n\t\t<div class=\"elementor-element elementor-element-957ffad e-con-full e-flex e-con e-child\" data-id=\"957ffad\" data-element_type=\"container\" data-e-type=\"container\" data-settings=\"{&quot;animation_mobile&quot;:&quot;none&quot;}\">\n\t\t\t\t<div class=\"elementor-element elementor-element-a33a400 elementor-widget elementor-widget-heading\" data-id=\"a33a400\" data-element_type=\"widget\" data-e-type=\"widget\" data-widget_type=\"heading.default\">\n\t\t\t\t<div class=\"elementor-widget-container\">\n\t\t\t\t\t<h2 class=\"elementor-heading-title elementor-size-default\">Services gratuits<\/h2>\t\t\t\t<\/div>\n\t\t\t\t<\/div>\n\t\t\t\t<div class=\"elementor-element elementor-element-3c77674 elementor-widget elementor-widget-text-editor\" data-id=\"3c77674\" data-element_type=\"widget\" data-e-type=\"widget\" data-settings=\"{&quot;_animation_mobile&quot;:&quot;none&quot;}\" data-widget_type=\"text-editor.default\">\n\t\t\t\t<div class=\"elementor-widget-container\">\n\t\t\t\t\t\t\t\t\t<ul>\n<li><strong>Caring Concierge<\/strong>, pour vous aider dans les d\u00e9marches num\u00e9riques de connexion, check-in et check-out, et vous donner des informations et conseils sur les attractions locales et la r\u00e9servation de services;<\/li>\n<li><strong>Bouteille d\u2019eau <\/strong>offerte \u00e0 votre arriv\u00e9e;<\/li>\n<li><strong>10% de r\u00e9duction<\/strong> sur les services internes de l\u2019h\u00f4tel;<\/li>\n<li><strong>Place de parking<\/strong>, pratique et proche de l\u2019entr\u00e9e moyennant suppl\u00e9ment;<\/li>\n<li><strong>Coin petit d\u00e9jeuner <\/strong>avec des produits sains et naturels;<\/li>\n<li><strong>Offre d\u2019exp\u00e9riences locales<\/strong> organis\u00e9es avec des op\u00e9rateurs du territoire;<\/li>\n<li><strong>Service navette<\/strong> sur demande moyennant suppl\u00e9ment;<\/li>\n<li><strong>Service bagages<\/strong> gratuit;<\/li>\n<li><strong>Contact assistance m\u00e9dicale 24\/7<\/strong>;<\/li>\n<li><strong>Chambres accessibles<\/strong>, espaces communs toujours disponibles et service de restauration pour les 3 repas principaux \u2013 petit d\u00e9jeuner, d\u00e9jeuner et d\u00eener \u2013 et bar h24 (avec service de livraison).<\/li>\n<\/ul>\t\t\t\t\t\t\t\t<\/div>\n\t\t\t\t<\/div>\n\t\t\t\t<\/div>\n\t\t\t\t<\/div>\n\t\t<div class=\"elementor-element elementor-element-75120eb e-con-full e-flex elementor-invisible e-con e-child\" data-id=\"75120eb\" data-element_type=\"container\" data-e-type=\"container\" data-settings=\"{&quot;background_background&quot;:&quot;classic&quot;,&quot;animation&quot;:&quot;fadeInRight&quot;,&quot;animation_mobile&quot;:&quot;none&quot;}\">\n\t\t\t\t<div class=\"elementor-element elementor-element-cc7fb17 elementor-widget elementor-widget-heading\" data-id=\"cc7fb17\" data-element_type=\"widget\" data-e-type=\"widget\" data-widget_type=\"heading.default\">\n\t\t\t\t<div class=\"elementor-widget-container\">\n\t\t\t\t\t<h3 class=\"elementor-heading-title elementor-size-default\">Forfait Silver<\/h3>\t\t\t\t<\/div>\n\t\t\t\t<\/div>\n\t\t\t\t<div class=\"elementor-element elementor-element-400c690 elementor-widget-mobile__width-inherit elementor-widget elementor-widget-text-editor\" data-id=\"400c690\" data-element_type=\"widget\" data-e-type=\"widget\" data-settings=\"{&quot;_animation_mobile&quot;:&quot;none&quot;}\" data-widget_type=\"text-editor.default\">\n\t\t\t\t<div class=\"elementor-widget-container\">\n\t\t\t\t\t\t\t\t\t<p>De plus, nos clients seniors peuvent personnaliser leur s\u00e9jour avec le <strong>Forfait Silver (disponible moyennant un suppl\u00e9ment de 10\u20ac par chambre) <\/strong>qui comprend:<\/p><ul><li><strong>Bouilloire <\/strong>avec s\u00e9lection de th\u00e9s et tisanes dans la chambre;<\/li><li><strong>Pantoufles\u00a0<\/strong>et <strong>Peignoir<\/strong>;<\/li><li><strong>Trousse de toilette<\/strong>;<\/li><li><strong>Minibar gratuit <\/strong>avec des snacks et des soft drinks (1 bouteille d\u2019eau naturelle 75ml, 1 canette de Coca-cola, 1 paquet d\u2019arachides et 1 paquet de biscuits).<\/li><\/ul><p>Incluez le <strong>Forfait Silver<\/strong> dans votre r\u00e9servation apr\u00e8s avoir s\u00e9lectionn\u00e9 la chambre ou demandez-le en <a href=\"mailto:info@hoteltritonevenice.com\">contactant directement l\u2019h\u00f4tel<\/a>.<\/p>\t\t\t\t\t\t\t\t<\/div>\n\t\t\t\t<\/div>\n\t\t\t\t<\/div>\n\t\t\t\t\t<\/div>\n\t\t\t\t<\/div>\n\t\t\t\t<\/div>\n\t\t","protected":false},"excerpt":{"rendered":"<p>Silver Hotel Plein d\u2019attentions pour les voyageurs de plus de 65 ans \u00c0 l\u2019H\u00f4tel Tritone, nous offrons plein d\u2019attentions con\u00e7ues pour les voyageurs de plus de 65 ans qui veulent d\u00e9couvrir les tr\u00e9sors de Venise dans un confort total. Nos clients ont \u00e0 leur disposition des services gratuits disponibles \u00e0 l\u2019h\u00f4tel et un forfait pour [&hellip;]<\/p>\n","protected":false},"author":6,"featured_media":4316,"parent":3709,"menu_order":0,"comment_status":"closed","ping_status":"closed","template":"","meta":{"footnotes":""},"class_list":["post-4315","page","type-page","status-publish","has-post-thumbnail","hentry"],"yoast_head":"<!-- This site is optimized with the Yoast SEO plugin v27.3 - https:\/\/yoast.com\/product\/yoast-seo-wordpress\/ -->\n<title>Voyageurs seniors Venise: Services H\u00f4tel Tritone plus de 65 ans<\/title>\n<meta name=\"description\" content=\"Plein de services pour les voyageurs seniors \u00e0 Venise Mestre \u00e0 l&#039;H\u00f4tel Tritone. Confort adapt\u00e9 aux plus de 65 ans et au slow tourisme. Vous d\u00e9couvrez!\" \/>\n<meta name=\"robots\" content=\"index, follow, max-snippet:-1, max-image-preview:large, max-video-preview:-1\" \/>\n<link rel=\"canonical\" href=\"https:\/\/www.hoteltritonevenice.com\/fr\/services\/silver-hotel\/\" \/>\n<meta property=\"og:locale\" content=\"fr_FR\" \/>\n<meta property=\"og:type\" content=\"article\" \/>\n<meta property=\"og:title\" content=\"Voyageurs seniors Venise: Services H\u00f4tel Tritone plus de 65 ans\" \/>\n<meta property=\"og:description\" content=\"Plein de services pour les voyageurs seniors \u00e0 Venise Mestre \u00e0 l&#039;H\u00f4tel Tritone. Confort adapt\u00e9 aux plus de 65 ans et au slow tourisme. Vous d\u00e9couvrez!\" \/>\n<meta property=\"og:url\" content=\"https:\/\/www.hoteltritonevenice.com\/fr\/services\/silver-hotel\/\" \/>\n<meta property=\"og:site_name\" content=\"98380 Hotel Tritone Venice\" \/>\n<meta property=\"article:modified_time\" content=\"2025-05-26T08:15:21+00:00\" \/>\n<meta property=\"og:image\" content=\"https:\/\/bwh-cdn.neen.dev\/wp-content\/uploads\/sites\/79\/2024\/10\/senior2.webp\" \/>\n\t<meta property=\"og:image:width\" content=\"1920\" \/>\n\t<meta property=\"og:image:height\" content=\"1280\" \/>\n\t<meta property=\"og:image:type\" content=\"image\/webp\" \/>\n<meta name=\"twitter:card\" content=\"summary_large_image\" \/>\n<meta name=\"twitter:label1\" content=\"Dur\u00e9e de lecture estim\u00e9e\" \/>\n\t<meta name=\"twitter:data1\" content=\"2 minutes\" \/>\n<script type=\"application\/ld+json\" class=\"yoast-schema-graph\">{\"@context\":\"https:\\\/\\\/schema.org\",\"@graph\":[{\"@type\":\"WebPage\",\"@id\":\"https:\\\/\\\/www.hoteltritonevenice.com\\\/fr\\\/services\\\/silver-hotel\\\/\",\"url\":\"https:\\\/\\\/www.hoteltritonevenice.com\\\/fr\\\/services\\\/silver-hotel\\\/\",\"name\":\"Voyageurs seniors Venise: Services H\u00f4tel Tritone plus de 65 ans\",\"isPartOf\":{\"@id\":\"https:\\\/\\\/www.hoteltritonevenice.com\\\/fr\\\/#website\"},\"primaryImageOfPage\":{\"@id\":\"https:\\\/\\\/www.hoteltritonevenice.com\\\/fr\\\/services\\\/silver-hotel\\\/#primaryimage\"},\"image\":{\"@id\":\"https:\\\/\\\/www.hoteltritonevenice.com\\\/fr\\\/services\\\/silver-hotel\\\/#primaryimage\"},\"thumbnailUrl\":\"https:\\\/\\\/www.hoteltritonevenice.com\\\/wp-content\\\/uploads\\\/sites\\\/79\\\/2024\\\/10\\\/senior2.webp\",\"datePublished\":\"2024-10-28T09:51:08+00:00\",\"dateModified\":\"2025-05-26T08:15:21+00:00\",\"description\":\"Plein de services pour les voyageurs seniors \u00e0 Venise Mestre \u00e0 l'H\u00f4tel Tritone. Confort adapt\u00e9 aux plus de 65 ans et au slow tourisme. Vous d\u00e9couvrez!\",\"breadcrumb\":{\"@id\":\"https:\\\/\\\/www.hoteltritonevenice.com\\\/fr\\\/services\\\/silver-hotel\\\/#breadcrumb\"},\"inLanguage\":\"fr-FR\",\"potentialAction\":[{\"@type\":\"ReadAction\",\"target\":[\"https:\\\/\\\/www.hoteltritonevenice.com\\\/fr\\\/services\\\/silver-hotel\\\/\"]}]},{\"@type\":\"ImageObject\",\"inLanguage\":\"fr-FR\",\"@id\":\"https:\\\/\\\/www.hoteltritonevenice.com\\\/fr\\\/services\\\/silver-hotel\\\/#primaryimage\",\"url\":\"https:\\\/\\\/www.hoteltritonevenice.com\\\/wp-content\\\/uploads\\\/sites\\\/79\\\/2024\\\/10\\\/senior2.webp\",\"contentUrl\":\"https:\\\/\\\/www.hoteltritonevenice.com\\\/wp-content\\\/uploads\\\/sites\\\/79\\\/2024\\\/10\\\/senior2.webp\",\"width\":1920,\"height\":1280,\"caption\":\"Senior Travelers - Hotel Tritone Venice\"},{\"@type\":\"BreadcrumbList\",\"@id\":\"https:\\\/\\\/www.hoteltritonevenice.com\\\/fr\\\/services\\\/silver-hotel\\\/#breadcrumb\",\"itemListElement\":[{\"@type\":\"ListItem\",\"position\":1,\"name\":\"Home\",\"item\":\"https:\\\/\\\/www.hoteltritonevenice.com\\\/fr\\\/home\\\/\"},{\"@type\":\"ListItem\",\"position\":2,\"name\":\"Services\",\"item\":\"https:\\\/\\\/www.hoteltritonevenice.com\\\/fr\\\/services\\\/\"},{\"@type\":\"ListItem\",\"position\":3,\"name\":\"Silver H\u00f4tel\"}]},{\"@type\":\"WebSite\",\"@id\":\"https:\\\/\\\/www.hoteltritonevenice.com\\\/fr\\\/#website\",\"url\":\"https:\\\/\\\/www.hoteltritonevenice.com\\\/fr\\\/\",\"name\":\"98380 Hotel Tritone Venice\",\"description\":\"\",\"publisher\":{\"@id\":\"https:\\\/\\\/www.hoteltritonevenice.com\\\/fr\\\/#organization\"},\"potentialAction\":[{\"@type\":\"SearchAction\",\"target\":{\"@type\":\"EntryPoint\",\"urlTemplate\":\"https:\\\/\\\/www.hoteltritonevenice.com\\\/fr\\\/?s={search_term_string}\"},\"query-input\":{\"@type\":\"PropertyValueSpecification\",\"valueRequired\":true,\"valueName\":\"search_term_string\"}}],\"inLanguage\":\"fr-FR\"},{\"@type\":\"Organization\",\"@id\":\"https:\\\/\\\/www.hoteltritonevenice.com\\\/fr\\\/#organization\",\"name\":\"98380 Hotel Tritone Venice\",\"url\":\"https:\\\/\\\/www.hoteltritonevenice.com\\\/fr\\\/\",\"logo\":{\"@type\":\"ImageObject\",\"inLanguage\":\"fr-FR\",\"@id\":\"https:\\\/\\\/www.hoteltritonevenice.com\\\/fr\\\/#\\\/schema\\\/logo\\\/image\\\/\",\"url\":\"https:\\\/\\\/www.hoteltritonevenice.com\\\/wp-content\\\/uploads\\\/sites\\\/79\\\/2024\\\/07\\\/BW-core.png\",\"contentUrl\":\"https:\\\/\\\/www.hoteltritonevenice.com\\\/wp-content\\\/uploads\\\/sites\\\/79\\\/2024\\\/07\\\/BW-core.png\",\"width\":2500,\"height\":916,\"caption\":\"98380 Hotel Tritone Venice\"},\"image\":{\"@id\":\"https:\\\/\\\/www.hoteltritonevenice.com\\\/fr\\\/#\\\/schema\\\/logo\\\/image\\\/\"}}]}<\/script>\n<!-- \/ Yoast SEO plugin. -->","yoast_head_json":{"title":"Voyageurs seniors Venise: Services H\u00f4tel Tritone plus de 65 ans","description":"Plein de services pour les voyageurs seniors \u00e0 Venise Mestre \u00e0 l'H\u00f4tel Tritone. Confort adapt\u00e9 aux plus de 65 ans et au slow tourisme. Vous d\u00e9couvrez!","robots":{"index":"index","follow":"follow","max-snippet":"max-snippet:-1","max-image-preview":"max-image-preview:large","max-video-preview":"max-video-preview:-1"},"canonical":"https:\/\/www.hoteltritonevenice.com\/fr\/services\/silver-hotel\/","og_locale":"fr_FR","og_type":"article","og_title":"Voyageurs seniors Venise: Services H\u00f4tel Tritone plus de 65 ans","og_description":"Plein de services pour les voyageurs seniors \u00e0 Venise Mestre \u00e0 l'H\u00f4tel Tritone. Confort adapt\u00e9 aux plus de 65 ans et au slow tourisme. Vous d\u00e9couvrez!","og_url":"https:\/\/www.hoteltritonevenice.com\/fr\/services\/silver-hotel\/","og_site_name":"98380 Hotel Tritone Venice","article_modified_time":"2025-05-26T08:15:21+00:00","og_image":[{"width":1920,"height":1280,"url":"https:\/\/bwh-cdn.neen.dev\/wp-content\/uploads\/sites\/79\/2024\/10\/senior2.webp","type":"image\/webp"}],"twitter_card":"summary_large_image","twitter_misc":{"Dur\u00e9e de lecture estim\u00e9e":"2 minutes"},"schema":{"@context":"https:\/\/schema.org","@graph":[{"@type":"WebPage","@id":"https:\/\/www.hoteltritonevenice.com\/fr\/services\/silver-hotel\/","url":"https:\/\/www.hoteltritonevenice.com\/fr\/services\/silver-hotel\/","name":"Voyageurs seniors Venise: Services H\u00f4tel Tritone plus de 65 ans","isPartOf":{"@id":"https:\/\/www.hoteltritonevenice.com\/fr\/#website"},"primaryImageOfPage":{"@id":"https:\/\/www.hoteltritonevenice.com\/fr\/services\/silver-hotel\/#primaryimage"},"image":{"@id":"https:\/\/www.hoteltritonevenice.com\/fr\/services\/silver-hotel\/#primaryimage"},"thumbnailUrl":"https:\/\/www.hoteltritonevenice.com\/wp-content\/uploads\/sites\/79\/2024\/10\/senior2.webp","datePublished":"2024-10-28T09:51:08+00:00","dateModified":"2025-05-26T08:15:21+00:00","description":"Plein de services pour les voyageurs seniors \u00e0 Venise Mestre \u00e0 l'H\u00f4tel Tritone. Confort adapt\u00e9 aux plus de 65 ans et au slow tourisme. Vous d\u00e9couvrez!","breadcrumb":{"@id":"https:\/\/www.hoteltritonevenice.com\/fr\/services\/silver-hotel\/#breadcrumb"},"inLanguage":"fr-FR","potentialAction":[{"@type":"ReadAction","target":["https:\/\/www.hoteltritonevenice.com\/fr\/services\/silver-hotel\/"]}]},{"@type":"ImageObject","inLanguage":"fr-FR","@id":"https:\/\/www.hoteltritonevenice.com\/fr\/services\/silver-hotel\/#primaryimage","url":"https:\/\/www.hoteltritonevenice.com\/wp-content\/uploads\/sites\/79\/2024\/10\/senior2.webp","contentUrl":"https:\/\/www.hoteltritonevenice.com\/wp-content\/uploads\/sites\/79\/2024\/10\/senior2.webp","width":1920,"height":1280,"caption":"Senior Travelers - Hotel Tritone Venice"},{"@type":"BreadcrumbList","@id":"https:\/\/www.hoteltritonevenice.com\/fr\/services\/silver-hotel\/#breadcrumb","itemListElement":[{"@type":"ListItem","position":1,"name":"Home","item":"https:\/\/www.hoteltritonevenice.com\/fr\/home\/"},{"@type":"ListItem","position":2,"name":"Services","item":"https:\/\/www.hoteltritonevenice.com\/fr\/services\/"},{"@type":"ListItem","position":3,"name":"Silver H\u00f4tel"}]},{"@type":"WebSite","@id":"https:\/\/www.hoteltritonevenice.com\/fr\/#website","url":"https:\/\/www.hoteltritonevenice.com\/fr\/","name":"98380 Hotel Tritone Venice","description":"","publisher":{"@id":"https:\/\/www.hoteltritonevenice.com\/fr\/#organization"},"potentialAction":[{"@type":"SearchAction","target":{"@type":"EntryPoint","urlTemplate":"https:\/\/www.hoteltritonevenice.com\/fr\/?s={search_term_string}"},"query-input":{"@type":"PropertyValueSpecification","valueRequired":true,"valueName":"search_term_string"}}],"inLanguage":"fr-FR"},{"@type":"Organization","@id":"https:\/\/www.hoteltritonevenice.com\/fr\/#organization","name":"98380 Hotel Tritone Venice","url":"https:\/\/www.hoteltritonevenice.com\/fr\/","logo":{"@type":"ImageObject","inLanguage":"fr-FR","@id":"https:\/\/www.hoteltritonevenice.com\/fr\/#\/schema\/logo\/image\/","url":"https:\/\/www.hoteltritonevenice.com\/wp-content\/uploads\/sites\/79\/2024\/07\/BW-core.png","contentUrl":"https:\/\/www.hoteltritonevenice.com\/wp-content\/uploads\/sites\/79\/2024\/07\/BW-core.png","width":2500,"height":916,"caption":"98380 Hotel Tritone Venice"},"image":{"@id":"https:\/\/www.hoteltritonevenice.com\/fr\/#\/schema\/logo\/image\/"}}]}},"_links":{"self":[{"href":"https:\/\/www.hoteltritonevenice.com\/fr\/wp-json\/wp\/v2\/pages\/4315","targetHints":{"allow":["GET"]}}],"collection":[{"href":"https:\/\/www.hoteltritonevenice.com\/fr\/wp-json\/wp\/v2\/pages"}],"about":[{"href":"https:\/\/www.hoteltritonevenice.com\/fr\/wp-json\/wp\/v2\/types\/page"}],"author":[{"embeddable":true,"href":"https:\/\/www.hoteltritonevenice.com\/fr\/wp-json\/wp\/v2\/users\/6"}],"replies":[{"embeddable":true,"href":"https:\/\/www.hoteltritonevenice.com\/fr\/wp-json\/wp\/v2\/comments?post=4315"}],"version-history":[{"count":3,"href":"https:\/\/www.hoteltritonevenice.com\/fr\/wp-json\/wp\/v2\/pages\/4315\/revisions"}],"predecessor-version":[{"id":5996,"href":"https:\/\/www.hoteltritonevenice.com\/fr\/wp-json\/wp\/v2\/pages\/4315\/revisions\/5996"}],"up":[{"embeddable":true,"href":"https:\/\/www.hoteltritonevenice.com\/fr\/wp-json\/wp\/v2\/pages\/3709"}],"wp:featuredmedia":[{"embeddable":true,"href":"https:\/\/www.hoteltritonevenice.com\/fr\/wp-json\/wp\/v2\/media\/4316"}],"wp:attachment":[{"href":"https:\/\/www.hoteltritonevenice.com\/fr\/wp-json\/wp\/v2\/media?parent=4315"}],"curies":[{"name":"wp","href":"https:\/\/api.w.org\/{rel}","templated":true}]}}